{"id":1003,"date":"2009-06-16T17:08:28","date_gmt":"2009-06-16T16:08:28","guid":{"rendered":"http:\/\/www.colegioluissolana.com\/?page_id=1003"},"modified":"2009-06-19T08:30:05","modified_gmt":"2009-06-19T07:30:05","slug":"corro-n%c2%ba-63","status":"publish","type":"page","link":"http:\/\/www.colegioluissolana.com\/?page_id=1003","title":{"rendered":"CORRO N\u00ba 63"},"content":{"rendered":"<p>SUMARIO:<\/p>\n<p><a href=\"http:\/\/www.colegioluissolana.com\/wp-content\/uploads\/2009\/06\/portada63-1.pdf\" target=\"_blank\"><img loading=\"lazy\" class=\"alignnone size-thumbnail wp-image-1031\" title=\"portada63\" src=\"http:\/\/www.colegioluissolana.com\/wp-content\/uploads\/2009\/06\/portada63-150x150.jpg\" alt=\"portada63\" width=\"122\" height=\"134\" \/><\/a><\/p>\n<p><a href=\"http:\/\/www.colegioluissolana.com\/wp-content\/uploads\/2009\/06\/portada63-1.pdf\" target=\"_blank\">PORTADA CORRO 63<\/a><\/p>\n<p><a href=\"http:\/\/www.colegioluissolana.com\/wp-content\/uploads\/2009\/06\/pagina-1.pdf\" target=\"_blank\">P\u00e1gina 1: EDITORIAL: \u00abTiempo de balances\u00bb<\/a><\/p>\n<p><a href=\"http:\/\/www.colegioluissolana.com\/wp-content\/uploads\/2009\/06\/pagina-2.pdf\" target=\"_blank\">P\u00e1gina 2_ ACTUALIDAD: \u00abXXI Semana Cultural\u00bb<\/a><\/p>\n<p><a href=\"http:\/\/www.colegioluissolana.com\/wp-content\/uploads\/2009\/06\/pagina-3.pdf\" target=\"_blank\">P\u00e1gina 3_ NOTICIAS BREVES<\/a><\/p>\n<p><a href=\"http:\/\/www.colegioluissolana.com\/wp-content\/uploads\/2009\/06\/pagina-4.pdf\" target=\"_blank\">P\u00e1gina 4_ESCUELA: \u00abMundo de Colores\u00bb<\/a><\/p>\n<p><a href=\"http:\/\/www.colegioluissolana.com\/wp-content\/uploads\/2009\/06\/pagina-5.pdf\" target=\"_blank\">P\u00e1gina 5_PUEBLO: \u00abJim\u00e9nez-Landi (1909-2009)<\/a><\/p>\n<p><a href=\"http:\/\/www.colegioluissolana.com\/wp-content\/uploads\/2009\/06\/pagina-6.pdf\" target=\"_blank\">P\u00e1gina 6_REGI\u00d3N: \u00abRutas tur\u00edsticas (II)\u00bb<\/a><\/p>\n<p><a href=\"http:\/\/www.colegioluissolana.com\/wp-content\/uploads\/2009\/06\/pagina-71.pdf\" target=\"_blank\">P\u00e1gina 7_PA\u00cdS: \u00abEl f\u00fatbol y los espa\u00f1oles\u00bb<\/a><a href=\"http:\/\/www.colegioluissolana.com\/wp-content\/uploads\/2009\/06\/pagina-7.pdf\" target=\"_blank\"><\/a><\/p>\n<p><a href=\"http:\/\/www.colegioluissolana.com\/wp-content\/uploads\/2009\/06\/pagina-8.pdf\" target=\"_blank\">P\u00e1gina 8_MUNDO: \u00abGripe A\u00bb<\/a><\/p>\n<p><a href=\"http:\/\/www.colegioluissolana.com\/wp-content\/uploads\/2009\/06\/pagina-9.pdf\">P\u00e1gina 9_TEMAS: \u00abSi yo fuera inventor&#8230;\u00bb<\/a><\/p>\n<p><a href=\"http:\/\/www.colegioluissolana.com\/wp-content\/uploads\/2009\/06\/pagina-10.pdf\" target=\"_blank\">P\u00e1gina 10_LOS PEQUES: \u00abInfantil 3 a\u00f1os\u00bb<\/a><\/p>\n<p><a href=\"http:\/\/www.colegioluissolana.com\/wp-content\/uploads\/2009\/06\/pagina-11.pdf\" target=\"_blank\">P\u00e1gina11_LOS PEQUES: \u00abInfantil 4 &#8211; a\u00f1os\u00bb<\/a><\/p>\n<p><a href=\"http:\/\/www.colegioluissolana.com\/wp-content\/uploads\/2009\/06\/pagina-12.pdf\" target=\"_blank\">P\u00e1gina12_LOS PEQUES: \u00abInfantil 5 &#8211; a\u00f1os\u00bb<\/a><\/p>\n<p><a href=\"http:\/\/www.colegioluissolana.com\/wp-content\/uploads\/2009\/06\/pagina-13.pdf\" target=\"_blank\">P\u00e1gina13_LOS PEQUES: \u00ab1\u00ba de Primaria\u00bb<\/a><\/p>\n<p><a href=\"http:\/\/www.colegioluissolana.com\/wp-content\/uploads\/2009\/06\/pagina-14.pdf\">P\u00e1gina14_LOS PEQUES: \u00ab2\u00ba de Primaria\u00bb<\/a><\/p>\n<p><a href=\"http:\/\/www.colegioluissolana.com\/wp-content\/uploads\/2009\/06\/pagina-15.pdf\" target=\"_blank\">P\u00e1gina 15_ENGLISH CORNER<\/a><\/p>\n<p><a href=\"http:\/\/www.colegioluissolana.com\/wp-content\/uploads\/2009\/06\/pagina-16.pdf\" target=\"_blank\">P\u00e1gina 16_ENTREVISTA: \u00abDonato Liwando\u00bb<\/a><\/p>\n<p><a href=\"http:\/\/www.colegioluissolana.com\/wp-content\/uploads\/2009\/06\/pagina-17.pdf\" target=\"_blank\">P\u00e1gina 17_POEMAS: \u00abRipios de enamorados\u00bb<\/a><\/p>\n<p><a href=\"http:\/\/www.colegioluissolana.com\/wp-content\/uploads\/2009\/06\/pagina-18.pdf\" target=\"_blank\">P\u00e1gina 18_BUZ\u00d3N: \u00abCarta del AMPA\u00bb<\/a><\/p>\n<p><a href=\"http:\/\/www.colegioluissolana.com\/wp-content\/uploads\/2009\/06\/pagina-19.pdf\" target=\"_blank\">P\u00e1gina 19_LIBROS RECOMENDADOS<\/a><\/p>\n<p><a href=\"http:\/\/www.colegioluissolana.com\/wp-content\/uploads\/2009\/06\/pagina-20.pdf\" target=\"_blank\">P\u00e1gina 20_PASATIEMPOS<\/a><\/p>\n<p><a href=\"http:\/\/www.colegioluissolana.com\/wp-content\/uploads\/2009\/06\/pagina-21.pdf\" target=\"_blank\">P\u00e1gina 21_HUMOR<\/a><\/p>\n<p><a href=\"http:\/\/www.colegioluissolana.com\/wp-content\/uploads\/2009\/06\/pagina-22.pdf\" target=\"_blank\">P\u00e1gina 22_REPORTAJE FOTOGR\u00c1FICO<\/a><\/p>\n<p><a href=\"http:\/\/www.colegioluissolana.com\/wp-content\/uploads\/2009\/06\/contraportada63.pdf\" target=\"_blank\">Contraportada_\u00bbPor una alimentaci\u00f3n sana y equilibrada\u00bb<\/a><a href=\"http:\/\/www.colegioluissolana.com\/wp-content\/uploads\/2009\/06\/pagina-13.pdf\" target=\"_blank\"><\/a><\/p>\n","protected":false},"excerpt":{"rendered":"<p>SUMARIO: PORTADA CORRO 63 P\u00e1gina 1: EDITORIAL: \u00abTiempo de balances\u00bb P\u00e1gina 2_ ACTUALIDAD: \u00abXXI Semana Cultural\u00bb P\u00e1gina 3_ NOTICIAS BREVES P\u00e1gina 4_ESCUELA: \u00abMundo de Colores\u00bb P\u00e1gina 5_PUEBLO: \u00abJim\u00e9nez-Landi (1909-2009) P\u00e1gina 6_REGI\u00d3N: \u00abRutas tur\u00edsticas (II)\u00bb P\u00e1gina 7_PA\u00cdS: \u00abEl f\u00fatbol y los &hellip; <a href=\"http:\/\/www.colegioluissolana.com\/?page_id=1003\">Sigue leyendo <span class=\"meta-nav\">&rarr;<\/span><\/a><\/p>\n","protected":false},"author":7,"featured_media":0,"parent":125,"menu_order":0,"comment_status":"closed","ping_status":"open","template":"","meta":[],"_links":{"self":[{"href":"http:\/\/www.colegioluissolana.com\/index.php?rest_route=\/wp\/v2\/pages\/1003"}],"collection":[{"href":"http:\/\/www.colegioluissolana.com\/index.php?rest_route=\/wp\/v2\/pages"}],"about":[{"href":"http:\/\/www.colegioluissolana.com\/index.php?rest_route=\/wp\/v2\/types\/page"}],"author":[{"embeddable":true,"href":"http:\/\/www.colegioluissolana.com\/index.php?rest_route=\/wp\/v2\/users\/7"}],"replies":[{"embeddable":true,"href":"http:\/\/www.colegioluissolana.com\/index.php?rest_route=%2Fwp%2Fv2%2Fcomments&post=1003"}],"version-history":[{"count":10,"href":"http:\/\/www.colegioluissolana.com\/index.php?rest_route=\/wp\/v2\/pages\/1003\/revisions"}],"predecessor-version":[{"id":1036,"href":"http:\/\/www.colegioluissolana.com\/index.php?rest_route=\/wp\/v2\/pages\/1003\/revisions\/1036"}],"up":[{"embeddable":true,"href":"http:\/\/www.colegioluissolana.com\/index.php?rest_route=\/wp\/v2\/pages\/125"}],"wp:attachment":[{"href":"http:\/\/www.colegioluissolana.com\/index.php?rest_route=%2Fwp%2Fv2%2Fmedia&parent=1003"}],"curies":[{"name":"wp","href":"https:\/\/api.w.org\/{rel}","templated":true}]}}