{"id":1749,"date":"2010-03-24T17:33:23","date_gmt":"2010-03-24T16:33:23","guid":{"rendered":"http:\/\/www.colegioluissolana.com\/?page_id=1749"},"modified":"2010-03-24T17:33:23","modified_gmt":"2010-03-24T16:33:23","slug":"el-corro-n%c2%ba-65","status":"publish","type":"page","link":"http:\/\/www.colegioluissolana.com\/?page_id=1749","title":{"rendered":"El Corro n\u00ba 65"},"content":{"rendered":"<p><a href=\"http:\/\/www.colegioluissolana.com\/wp-content\/uploads\/2010\/03\/Corro_65_CUBIERTA-1.pdf\" target=\"_blank\"><img loading=\"lazy\" class=\"alignnone size-thumbnail wp-image-1752\" title=\"Corro_65_00_portada\" src=\"http:\/\/www.colegioluissolana.com\/wp-content\/uploads\/2010\/03\/Corro_65_00_portada-150x150.jpg\" alt=\"\" width=\"76\" height=\"91\" \/><\/a><a href=\"http:\/\/www.colegioluissolana.com\/wp-content\/uploads\/2010\/03\/Corro_65_CUBIERTA-1.pdf\" target=\"_blank\">Portada<\/a><\/p>\n<p><a href=\"http:\/\/www.colegioluissolana.com\/wp-content\/uploads\/2010\/03\/Corro_65_1-a-10-1.pdf\" target=\"_blank\">P\u00e1gina 1: Editorial<\/a><\/p>\n<p><a href=\"http:\/\/www.colegioluissolana.com\/wp-content\/uploads\/2010\/03\/Corro_65_1-a-10-2.pdf\" target=\"_blank\">P\u00e1gina 2_ACTUALIDAD: Carnaval 2010<\/a><\/p>\n<p><a href=\"http:\/\/www.colegioluissolana.com\/wp-content\/uploads\/2010\/03\/Corro_65_1-a-10-31.pdf\" target=\"_blank\">P\u00e1gina 3_NOTICIAS BREVES: Pas\u00f3 en el cole<\/a><\/p>\n<p><a href=\"http:\/\/www.colegioluissolana.com\/wp-content\/uploads\/2010\/03\/Corro_65_1-a-10-41.pdf\" target=\"_blank\">P\u00e1gina 4_ESCUELA: Miniport\u00e1tiles para 5\u00ba &#8211; Programa Escuela 2.0<\/a><\/p>\n<p><a href=\"http:\/\/www.colegioluissolana.com\/wp-content\/uploads\/2010\/03\/Corro_65_1-a-10-5.pdf\" target=\"_blank\">P\u00e1gina 5_PUEBLO: La poblaci\u00f3n de M\u00e9ntrida<\/a><\/p>\n<p><a href=\"http:\/\/www.colegioluissolana.com\/wp-content\/uploads\/2010\/03\/Corro_65_1-a-10-6.pdf\" target=\"_blank\">P\u00e1gina 6_REGI\u00d3N: La industria en Castilla-La Mancha<\/a><\/p>\n<p><a href=\"http:\/\/www.colegioluissolana.com\/wp-content\/uploads\/2010\/03\/Corro_65_1-a-10-71.pdf\" target=\"_blank\">P\u00e1gina 7_PA\u00cdS: Pacto contra la crisis<\/a><\/p>\n<p><a href=\"http:\/\/www.colegioluissolana.com\/wp-content\/uploads\/2010\/03\/Corro_65_1-a-10-81.pdf\" target=\"_blank\">P\u00e1gina 8_MUNDO: Hait\u00ed dispu\u00e9s del terremoto<\/a><\/p>\n<p><a href=\"http:\/\/www.colegioluissolana.com\/wp-content\/uploads\/2010\/03\/Corro_65_1-a-10-9.pdf\" target=\"_blank\">P\u00e1gina 9_TEMAS: Mi asignatura preferida<\/a><\/p>\n<p><a href=\"http:\/\/www.colegioluissolana.com\/wp-content\/uploads\/2010\/03\/Corro_65_1-a-10-10.pdf\" target=\"_blank\">P\u00e1gina 10_EL CORRO DE LOS PEQUES_Inf. 3: Granja Escuela &#8216;Giraluna&#8217;<\/a><\/p>\n<p><a href=\"http:\/\/www.colegioluissolana.com\/wp-content\/uploads\/2010\/03\/Corro_65_11-a-18-1.pdf\" target=\"_blank\">P\u00e1gina 11_EL CORRO DE LOS PEQUES_Inf. 4: Personajes de Disney<\/a><\/p>\n<p><a href=\"http:\/\/www.colegioluissolana.com\/wp-content\/uploads\/2010\/03\/Corro_65_11-a-18-2.pdf\" target=\"_blank\">P\u00e1gina 12_EL CORRO DE LOS PEQUES_INF. 5: Fiesta de Carnaval<\/a><\/p>\n<p><a href=\"http:\/\/www.colegioluissolana.com\/wp-content\/uploads\/2010\/03\/Corro_65_11-a-18-31.pdf\" target=\"_blank\">P\u00e1gina 13_EL CORRO DE LOS PEQUES_1\u00ba PRIM.: A crazy story<\/a><\/p>\n<p><a href=\"http:\/\/www.colegioluissolana.com\/wp-content\/uploads\/2010\/03\/Corro_65_11-a-18-4.pdf\" target=\"_blank\">P\u00e1gina 14_EL CORRO DE LOS PEQUES_2\u00ba PRIM.: El Greco<\/a><\/p>\n<p><a href=\"http:\/\/www.colegioluissolana.com\/wp-content\/uploads\/2010\/03\/Corro_65_11-a-18-5.pdf\" target=\"_blank\">P\u00e1gina 15_ENGLISH CORNER: From December&#8217;09 to March&#8217;10<\/a><\/p>\n<p><a href=\"http:\/\/www.colegioluissolana.com\/wp-content\/uploads\/2010\/03\/Corro_65_11-a-18-6.pdf\" target=\"_blank\">P\u00e1gina 16_ENTREVISTA: Patricia Duggan<\/a><\/p>\n<p><a href=\"http:\/\/www.colegioluissolana.com\/wp-content\/uploads\/2010\/03\/Corro_65_11-a-18-7.pdf\" target=\"_blank\">P\u00e1gina 17_POEMAS: Homenaje a Miguel Hern\u00e1ndez<\/a><\/p>\n<p><a href=\"http:\/\/www.colegioluissolana.com\/wp-content\/uploads\/2010\/03\/Corro_65_11-a-18-8.pdf\" target=\"_blank\">P\u00e1gina 18_BUZ\u00d3N: Carta del AMPA<\/a><\/p>\n<p><a href=\"http:\/\/www.colegioluissolana.com\/wp-content\/uploads\/2010\/03\/Corro_65_19Y20-1.pdf\" target=\"_blank\">P\u00e1gina 19_RECOMENDADOS: An\u00edmate a leer<\/a><\/p>\n<p><a href=\"http:\/\/www.colegioluissolana.com\/wp-content\/uploads\/2010\/03\/Corro_65_19Y20-2.pdf\" target=\"_blank\">P\u00e1gina 20_PASATIEMPOS: Busca las 12 diferencias<\/a><\/p>\n<p><a href=\"http:\/\/www.colegioluissolana.com\/wp-content\/uploads\/2010\/03\/Corro_65_21-y-22-1.pdf\" target=\"_blank\">P\u00e1gina 21_HUMOR: De risa<\/a><\/p>\n<p><a href=\"http:\/\/www.colegioluissolana.com\/wp-content\/uploads\/2010\/03\/Corro_65_21-y-22bis-2.pdf\" target=\"_blank\">P\u00e1gina 22_REPORTAJE: La actualidad en im\u00e1genes<\/a><\/p>\n<p><a href=\"http:\/\/www.colegioluissolana.com\/wp-content\/uploads\/2010\/03\/Corro_65_CUBIERTA-2.pdf\">P\u00e1gina 23_CONTRAPORTADA<\/a><\/p>\n","protected":false},"excerpt":{"rendered":"<p>Portada P\u00e1gina 1: Editorial P\u00e1gina 2_ACTUALIDAD: Carnaval 2010 P\u00e1gina 3_NOTICIAS BREVES: Pas\u00f3 en el cole P\u00e1gina 4_ESCUELA: Miniport\u00e1tiles para 5\u00ba &#8211; Programa Escuela 2.0 P\u00e1gina 5_PUEBLO: La poblaci\u00f3n de M\u00e9ntrida P\u00e1gina 6_REGI\u00d3N: La industria en Castilla-La Mancha P\u00e1gina 7_PA\u00cdS: Pacto &hellip; <a href=\"http:\/\/www.colegioluissolana.com\/?page_id=1749\">Sigue leyendo <span class=\"meta-nav\">&rarr;<\/span><\/a><\/p>\n","protected":false},"author":7,"featured_media":0,"parent":125,"menu_order":0,"comment_status":"closed","ping_status":"open","template":"","meta":[],"_links":{"self":[{"href":"http:\/\/www.colegioluissolana.com\/index.php?rest_route=\/wp\/v2\/pages\/1749"}],"collection":[{"href":"http:\/\/www.colegioluissolana.com\/index.php?rest_route=\/wp\/v2\/pages"}],"about":[{"href":"http:\/\/www.colegioluissolana.com\/index.php?rest_route=\/wp\/v2\/types\/page"}],"author":[{"embeddable":true,"href":"http:\/\/www.colegioluissolana.com\/index.php?rest_route=\/wp\/v2\/users\/7"}],"replies":[{"embeddable":true,"href":"http:\/\/www.colegioluissolana.com\/index.php?rest_route=%2Fwp%2Fv2%2Fcomments&post=1749"}],"version-history":[{"count":8,"href":"http:\/\/www.colegioluissolana.com\/index.php?rest_route=\/wp\/v2\/pages\/1749\/revisions"}],"predecessor-version":[{"id":1801,"href":"http:\/\/www.colegioluissolana.com\/index.php?rest_route=\/wp\/v2\/pages\/1749\/revisions\/1801"}],"up":[{"embeddable":true,"href":"http:\/\/www.colegioluissolana.com\/index.php?rest_route=\/wp\/v2\/pages\/125"}],"wp:attachment":[{"href":"http:\/\/www.colegioluissolana.com\/index.php?rest_route=%2Fwp%2Fv2%2Fmedia&parent=1749"}],"curies":[{"name":"wp","href":"https:\/\/api.w.org\/{rel}","templated":true}]}}