{"id":2434,"date":"2010-12-15T16:41:31","date_gmt":"2010-12-15T15:41:31","guid":{"rendered":"http:\/\/www.colegioluissolana.com\/?page_id=2434"},"modified":"2010-12-15T16:43:36","modified_gmt":"2010-12-15T15:43:36","slug":"el-corro-n%c2%ba-67","status":"publish","type":"page","link":"http:\/\/www.colegioluissolana.com\/?page_id=2434","title":{"rendered":"El Corro n\u00ba 67"},"content":{"rendered":"<div id=\"attachment_2435\" style=\"width: 166px\" class=\"wp-caption alignnone\"><a href=\"http:\/\/www.colegioluissolana.com\/wp-content\/uploads\/2010\/12\/portada_67.jpg\" target=\"_blank\"><img aria-describedby=\"caption-attachment-2435\" loading=\"lazy\" class=\"size-medium wp-image-2435\" title=\"portada_67\" src=\"http:\/\/www.colegioluissolana.com\/wp-content\/uploads\/2010\/12\/portada_67-212x300.jpg\" alt=\"\" width=\"156\" height=\"188\" \/><\/a><p id=\"caption-attachment-2435\" class=\"wp-caption-text\">El Corro n\u00ba 67 \/ Diciembre-2010<\/p><\/div>\n<p>\u00a0<a href=\"http:\/\/www.colegioluissolana.com\/wp-content\/uploads\/2010\/12\/Corro_67_PDF-2.pdf\" target=\"_blank\">Corro 67:\u00a0P\u00c1GINA 01_EDITORIAL<\/a><\/p>\n<p><a href=\"http:\/\/www.colegioluissolana.com\/wp-content\/uploads\/2010\/12\/Corro_67_PDF-3.pdf\" target=\"_blank\">Corro 67: P\u00c1GINA 02_ACTUALIDAD: Elecciones al Consejo Escolar<\/a><\/p>\n<p><a href=\"http:\/\/www.colegioluissolana.com\/wp-content\/uploads\/2010\/12\/Corro_67_PDF-4.pdf\" target=\"_blank\">Corro 67: P\u00c1GINA 03_NOTICIAS BREVES<\/a><\/p>\n<p><a href=\"http:\/\/www.colegioluissolana.com\/wp-content\/uploads\/2010\/12\/Corro_67_PDF-5.pdf\" target=\"_blank\">Corro 67: P\u00c1GINA 04 _NUESTRA ESCUELA: Un mundo amigo<\/a><\/p>\n<p><a href=\"http:\/\/www.colegioluissolana.com\/wp-content\/uploads\/2010\/12\/Corro_67_PDF-6.pdf\" target=\"_blank\">Corro 67: P\u00c1GINA 05_NUESTRO PUEBLO: La depuradora<\/a><\/p>\n<p><a href=\"http:\/\/www.colegioluissolana.com\/wp-content\/uploads\/2010\/12\/Corro_67_PDF-7.pdf\" target=\"_blank\">Corro 67: P\u00c1GINA 06_NUESTRA REGI\u00d3N: Ley de Educaci\u00f3n<\/a><\/p>\n<p><a href=\"http:\/\/www.colegioluissolana.com\/wp-content\/uploads\/2010\/12\/Corro_67_PDF-8.pdf\" target=\"_blank\">Corro 67: P\u00c1GINA 07_PA\u00cdS: Visita del Papa<\/a><\/p>\n<p><a href=\"http:\/\/www.colegioluissolana.com\/wp-content\/uploads\/2010\/12\/Corro_67_PDF-9.pdf\" target=\"_blank\">Corro 67: P\u00c1GINA 08: MUNDO_El problema del Sahara<\/a><\/p>\n<p><a href=\"http:\/\/www.colegioluissolana.com\/wp-content\/uploads\/2010\/12\/Corro_67_PDF-10.pdf\" target=\"_blank\">Corro 67: P\u00c1GINA 09_TEMAS: Prop\u00f3sitos para el a\u00f1o nuevo<\/a><\/p>\n<p><a href=\"http:\/\/www.colegioluissolana.com\/wp-content\/uploads\/2010\/12\/Corro_67_PDF-11.pdf\">Corro 67: P\u00c1GINA 10_PEQUES: Fiesta de la casta\u00f1a (Inf. 3 a\u00f1os)<\/a><\/p>\n<p><a href=\"http:\/\/www.colegioluissolana.com\/wp-content\/uploads\/2010\/12\/Corro_67_PDF-12.pdf\" target=\"_blank\">Corro 67: P\u00c1GINA 11_PEQUES: Fantasmas en el cole (Inf. 4 a\u00f1os)<\/a><\/p>\n<p><a href=\"http:\/\/www.colegioluissolana.com\/wp-content\/uploads\/2010\/12\/Corro_67_PDF-13.pdf\" target=\"_blank\">Corro 67: P\u00c1GINA 12_PEQUES: Museo de Ciencias Naturales (Inf. 5 a\u00f1os)<\/a><\/p>\n<p><a href=\"http:\/\/www.colegioluissolana.com\/wp-content\/uploads\/2010\/12\/Corro_67_PDF-14.pdf\" target=\"_blank\">Corro 67: P\u00c1GINA 13_PEQUES: Taller literario (1\u00ba de Primaria)<\/a><\/p>\n<p><a href=\"http:\/\/www.colegioluissolana.com\/wp-content\/uploads\/2010\/12\/Corro_67_PDF-15.pdf\" target=\"_blank\">Corro 67: P\u00c1GINA 14_PEQUES: Dr\u00e1cula (2\u00ba de Primaria)<\/a><\/p>\n<p><a href=\"http:\/\/www.colegioluissolana.com\/wp-content\/uploads\/2010\/12\/Corro_67_PDF-16.pdf\" target=\"_blank\">Corro 67: P\u00c1GINA 15_ENGLISH CORNER: From Sept.&#8217;10 to Dec.&#8217;10<\/a><\/p>\n<p><a href=\"http:\/\/www.colegioluissolana.com\/wp-content\/uploads\/2010\/12\/Corro_67_PDF-17.pdf\">Corro 67: P\u00c1GINA 16_ENTREVISTA: Mitzi Wallace<\/a><\/p>\n<p><a href=\"http:\/\/www.colegioluissolana.com\/wp-content\/uploads\/2010\/12\/Corro_67_PDF-18.pdf\" target=\"_blank\">Corro 67: P\u00c1GINA 17_POEMAS: Homenaje a Miguel Hern\u00e1ndez (III)<\/a><\/p>\n<p><a href=\"http:\/\/www.colegioluissolana.com\/wp-content\/uploads\/2010\/12\/Corro_67_PDF-19.pdf\" target=\"_blank\">Corro 67: P\u00c1GINA 18_BUZ\u00d3N: Carta de la A.M.P.A<\/a><\/p>\n<p><a href=\"http:\/\/www.colegioluissolana.com\/wp-content\/uploads\/2010\/12\/Corro_67_PDF-20.pdf\" target=\"_blank\">Corro 67: P\u00c1GINA 19_RECOMENDADOS<\/a><\/p>\n<p><a href=\"http:\/\/www.colegioluissolana.com\/wp-content\/uploads\/2010\/12\/Corro_67_PDF-21.pdf\" target=\"_blank\">Corro 67: P\u00c1GINA 20_HUMOR<\/a><\/p>\n<p><a href=\"http:\/\/www.colegioluissolana.com\/wp-content\/uploads\/2010\/12\/Corro_67_PDF-22.pdf\" target=\"_blank\">Corro 67: P\u00c1GINA 21_PASATIEMPOS<\/a><\/p>\n<p><a href=\"http:\/\/www.colegioluissolana.com\/wp-content\/uploads\/2010\/12\/Corro_67_PDF-23.pdf\" target=\"_blank\">Corro 67: P\u00c1GINA 23_REPORTAJE: La fiesta de Halloween<\/a><\/p>\n<div class=\"mceTemp\">\u00a0<\/div>\n<div id=\"attachment_2459\" style=\"width: 204px\" class=\"wp-caption alignnone\"><a href=\"http:\/\/www.colegioluissolana.com\/wp-content\/uploads\/2010\/12\/Contraportada_67.jpg\" target=\"_blank\"><img aria-describedby=\"caption-attachment-2459\" loading=\"lazy\" class=\"size-medium wp-image-2459\" title=\"Contraportada_67\" src=\"http:\/\/www.colegioluissolana.com\/wp-content\/uploads\/2010\/12\/Contraportada_67-212x300.jpg\" alt=\"\" width=\"194\" height=\"236\" \/><\/a><p id=\"caption-attachment-2459\" class=\"wp-caption-text\">El Corro de M\u00e9ntrida n\u00ba 67 \/ diciembre-2010 \/ CONTRAPORTADA<\/p><\/div>\n","protected":false},"excerpt":{"rendered":"<p>\u00a0Corro 67:\u00a0P\u00c1GINA 01_EDITORIAL Corro 67: P\u00c1GINA 02_ACTUALIDAD: Elecciones al Consejo Escolar Corro 67: P\u00c1GINA 03_NOTICIAS BREVES Corro 67: P\u00c1GINA 04 _NUESTRA ESCUELA: Un mundo amigo Corro 67: P\u00c1GINA 05_NUESTRO PUEBLO: La depuradora Corro 67: P\u00c1GINA 06_NUESTRA REGI\u00d3N: Ley de Educaci\u00f3n &hellip; <a href=\"http:\/\/www.colegioluissolana.com\/?page_id=2434\">Sigue leyendo <span class=\"meta-nav\">&rarr;<\/span><\/a><\/p>\n","protected":false},"author":7,"featured_media":0,"parent":125,"menu_order":0,"comment_status":"closed","ping_status":"open","template":"","meta":[],"_links":{"self":[{"href":"http:\/\/www.colegioluissolana.com\/index.php?rest_route=\/wp\/v2\/pages\/2434"}],"collection":[{"href":"http:\/\/www.colegioluissolana.com\/index.php?rest_route=\/wp\/v2\/pages"}],"about":[{"href":"http:\/\/www.colegioluissolana.com\/index.php?rest_route=\/wp\/v2\/types\/page"}],"author":[{"embeddable":true,"href":"http:\/\/www.colegioluissolana.com\/index.php?rest_route=\/wp\/v2\/users\/7"}],"replies":[{"embeddable":true,"href":"http:\/\/www.colegioluissolana.com\/index.php?rest_route=%2Fwp%2Fv2%2Fcomments&post=2434"}],"version-history":[{"count":4,"href":"http:\/\/www.colegioluissolana.com\/index.php?rest_route=\/wp\/v2\/pages\/2434\/revisions"}],"predecessor-version":[{"id":2462,"href":"http:\/\/www.colegioluissolana.com\/index.php?rest_route=\/wp\/v2\/pages\/2434\/revisions\/2462"}],"up":[{"embeddable":true,"href":"http:\/\/www.colegioluissolana.com\/index.php?rest_route=\/wp\/v2\/pages\/125"}],"wp:attachment":[{"href":"http:\/\/www.colegioluissolana.com\/index.php?rest_route=%2Fwp%2Fv2%2Fmedia&parent=2434"}],"curies":[{"name":"wp","href":"https:\/\/api.w.org\/{rel}","templated":true}]}}