{"id":37,"date":"2007-11-06T17:51:02","date_gmt":"2007-11-06T15:51:02","guid":{"rendered":"http:\/\/www.colegioluissolana.com\/?page_id=37"},"modified":"2026-04-09T08:07:22","modified_gmt":"2026-04-09T07:07:22","slug":"menus","status":"publish","type":"page","link":"http:\/\/www.colegioluissolana.com\/?page_id=37","title":{"rendered":"MEN\u00daS"},"content":{"rendered":"<p style=\"text-align: center;\"><a href=\"http:\/\/www.colegioluissolana.com\/wp-content\/uploads\/2025\/11\/JORNADA-DIA-DE-LA-CONSTITUCION.pdf\">JORNADA D\u00cdA DE LA CONSTITUCI\u00d3N<\/a><\/p>\r\n<p style=\"text-align: center;\"><a href=\"http:\/\/www.colegioluissolana.com\/wp-content\/uploads\/2025\/09\/MENU-SEPTIEMBRE-2025-1.pdf\">MEN\u00da SEPTIEMBRE 2025<\/a><\/p>\r\n<p style=\"text-align: center;\"><span style=\"color: #3366ff;\"><a style=\"color: #3366ff;\" href=\"http:\/\/www.colegioluissolana.com\/wp-content\/uploads\/2025\/09\/TRASERA-SEPTIEMBRE.pdf\">TRASERA SEPTIE<\/a><a style=\"color: #3366ff;\" href=\"http:\/\/www.colegioluissolana.com\/wp-content\/uploads\/2025\/09\/TRASERA-SEPTIEMBRE.pdf\">MB<\/a><a style=\"color: #3366ff;\" href=\"http:\/\/www.colegioluissolana.com\/wp-content\/uploads\/2025\/09\/TRASERA-SEPTIEMBRE.pdf\">RE<\/a><\/span><\/p>\r\n<p style=\"text-align: center;\"><a href=\"http:\/\/www.colegioluissolana.com\/wp-content\/uploads\/2025\/09\/MENU-OCTUBRE-2025.pdf\">MEN\u00da OCTUBRE 2025<\/a><\/p>\r\n<p style=\"text-align: center;\"><a href=\"http:\/\/www.colegioluissolana.com\/wp-content\/uploads\/2025\/10\/MENU-NOVIEMBRE-2025.pdf\">MEN\u00da NOVIEMBRE 2025<\/a><\/p>\r\n<p style=\"text-align: center;\"><a href=\"http:\/\/www.colegioluissolana.com\/wp-content\/uploads\/2025\/10\/TRASERA-NOVIEMBRE.pdf\">TRASERA NOVIEMBRE<\/a><\/p>\r\n<p style=\"text-align: center;\"><a href=\"http:\/\/www.colegioluissolana.com\/wp-content\/uploads\/2025\/11\/MENU-DICIEMBRE-2025.pdf\">MEN\u00da DICIEMBRE 2025<\/a><\/p>\r\n<p style=\"text-align: center;\"><a href=\"http:\/\/www.colegioluissolana.com\/wp-content\/uploads\/2025\/11\/TRASERA-DICIEMBRE.pdf\">TRASERA DICIEMBRE<\/a><\/p>\r\n<p style=\"text-align: center;\"><a href=\"http:\/\/www.colegioluissolana.com\/wp-content\/uploads\/2025\/11\/JORNADA-DIA-DE-LA-CONSTITUCION.pdf\">JORNADA D\u00cdA DE LA CONSTITUCI\u00d3N<\/a><\/p>\r\n<p style=\"text-align: center;\"><a href=\"http:\/\/www.colegioluissolana.com\/wp-content\/uploads\/2025\/12\/MENU-ENERO-2026.pdf\">MEN\u00da ENERO 2026<\/a><\/p>\r\n<p style=\"text-align: center;\"><a href=\"http:\/\/www.colegioluissolana.com\/wp-content\/uploads\/2025\/12\/TRASERA-ENERO.pdf\">TRASERA ENERO<\/a><\/p>\r\n<p style=\"text-align: center;\"><a href=\"http:\/\/www.colegioluissolana.com\/wp-content\/uploads\/2026\/01\/MENU-FEBRERO-2026-1.pdf\">MEN\u00da FEBRERO 2026<\/a><\/p>\r\n<p style=\"text-align: center;\"><a href=\"http:\/\/www.colegioluissolana.com\/wp-content\/uploads\/2026\/01\/TRASERA-FEBRERO.pdf\">TRASERA FEBRERO<\/a><\/p>\r\n<p style=\"text-align: center;\"><a href=\"http:\/\/www.colegioluissolana.com\/wp-content\/uploads\/2026\/02\/MENU-MARZO-2026.pdf\">MEN\u00da MARZO 2026<\/a><\/p>\r\n<p style=\"text-align: center;\"><a href=\"http:\/\/www.colegioluissolana.com\/wp-content\/uploads\/2026\/02\/TRASERA-MARZO.pdf\">TRASERA MARZO<\/a><\/p>\r\n<p style=\"text-align: center;\"><a href=\"http:\/\/www.colegioluissolana.com\/wp-content\/uploads\/2026\/02\/DIA-DE-LA-TORTILLA.pdf\">DIA DE LA TORTILLA<\/a><\/p>\r\n<p style=\"text-align: center;\"><a href=\"http:\/\/www.colegioluissolana.com\/wp-content\/uploads\/2026\/04\/MENU-ABRIL-2026.pdf\">MEN\u00da ABRIL 2026<\/a><\/p>\r\n<p style=\"text-align: center;\"><img loading=\"lazy\" class=\"alignnone size-medium wp-image-12505\" src=\"http:\/\/www.colegioluissolana.com\/wp-content\/uploads\/2026\/04\/TRASERA-ABRIL-2-300x212.png\" alt=\"\" width=\"300\" height=\"212\" srcset=\"http:\/\/www.colegioluissolana.com\/wp-content\/uploads\/2026\/04\/TRASERA-ABRIL-2-300x212.png 300w, http:\/\/www.colegioluissolana.com\/wp-content\/uploads\/2026\/04\/TRASERA-ABRIL-2-1024x724.png 1024w, http:\/\/www.colegioluissolana.com\/wp-content\/uploads\/2026\/04\/TRASERA-ABRIL-2-768x543.png 768w, http:\/\/www.colegioluissolana.com\/wp-content\/uploads\/2026\/04\/TRASERA-ABRIL-2-1536x1086.png 1536w, http:\/\/www.colegioluissolana.com\/wp-content\/uploads\/2026\/04\/TRASERA-ABRIL-2.png 2000w\" sizes=\"(max-width: 300px) 100vw, 300px\" \/><\/p>\r\n\r\n\r\n\r\n<figure class=\"wp-block-gallery columns-0 is-cropped\"><\/figure>\r\n","protected":false},"excerpt":{"rendered":"<p>JORNADA D\u00cdA DE LA CONSTITUCI\u00d3N MEN\u00da SEPTIEMBRE 2025 TRASERA SEPTIEMBRE MEN\u00da OCTUBRE 2025 MEN\u00da NOVIEMBRE 2025 TRASERA NOVIEMBRE MEN\u00da DICIEMBRE 2025 TRASERA DICIEMBRE JORNADA D\u00cdA DE LA CONSTITUCI\u00d3N MEN\u00da ENERO 2026 TRASERA ENERO MEN\u00da FEBRERO 2026 TRASERA FEBRERO MEN\u00da MARZO &hellip; <a href=\"http:\/\/www.colegioluissolana.com\/?page_id=37\">Sigue leyendo <span class=\"meta-nav\">&rarr;<\/span><\/a><\/p>\n","protected":false},"author":7,"featured_media":0,"parent":36,"menu_order":0,"comment_status":"closed","ping_status":"open","template":"","meta":[],"_links":{"self":[{"href":"http:\/\/www.colegioluissolana.com\/index.php?rest_route=\/wp\/v2\/pages\/37"}],"collection":[{"href":"http:\/\/www.colegioluissolana.com\/index.php?rest_route=\/wp\/v2\/pages"}],"about":[{"href":"http:\/\/www.colegioluissolana.com\/index.php?rest_route=\/wp\/v2\/types\/page"}],"author":[{"embeddable":true,"href":"http:\/\/www.colegioluissolana.com\/index.php?rest_route=\/wp\/v2\/users\/7"}],"replies":[{"embeddable":true,"href":"http:\/\/www.colegioluissolana.com\/index.php?rest_route=%2Fwp%2Fv2%2Fcomments&post=37"}],"version-history":[{"count":263,"href":"http:\/\/www.colegioluissolana.com\/index.php?rest_route=\/wp\/v2\/pages\/37\/revisions"}],"predecessor-version":[{"id":12506,"href":"http:\/\/www.colegioluissolana.com\/index.php?rest_route=\/wp\/v2\/pages\/37\/revisions\/12506"}],"up":[{"embeddable":true,"href":"http:\/\/www.colegioluissolana.com\/index.php?rest_route=\/wp\/v2\/pages\/36"}],"wp:attachment":[{"href":"http:\/\/www.colegioluissolana.com\/index.php?rest_route=%2Fwp%2Fv2%2Fmedia&parent=37"}],"curies":[{"name":"wp","href":"https:\/\/api.w.org\/{rel}","templated":true}]}}