{"id":3771,"date":"2012-12-14T14:18:43","date_gmt":"2012-12-14T13:18:43","guid":{"rendered":"http:\/\/www.colegioluissolana.com\/?page_id=3771"},"modified":"2012-12-14T15:16:39","modified_gmt":"2012-12-14T14:16:39","slug":"el-corro-no-73","status":"publish","type":"page","link":"http:\/\/www.colegioluissolana.com\/?page_id=3771","title":{"rendered":"El Corro N\u00ba 73"},"content":{"rendered":"<p><a href=\"http:\/\/www.colegioluissolana.com\/wp-content\/uploads\/2012\/12\/corro-73_00.pdf\" target=\"_blank\">corro 73_Portada<\/a><\/p>\n<p><a href=\"http:\/\/www.colegioluissolana.com\/wp-content\/uploads\/2012\/12\/corro-73_01.pdf\" target=\"_blank\">corro 73_P\u00e1g._01_im\u00e1genes del 1er. trimestre<\/a><\/p>\n<p><a href=\"http:\/\/www.colegioluissolana.com\/wp-content\/uploads\/2012\/12\/corro-73_02.pdf\" target=\"_blank\">corro 73_P\u00e1g._02_Editorial<\/a><\/p>\n<p><a href=\"http:\/\/www.colegioluissolana.com\/wp-content\/uploads\/2012\/12\/corro-73_03.pdf\" target=\"_blank\">corro 73_P\u00e1g._03_Actualidad: Halloween<\/a><\/p>\n<p><a href=\"http:\/\/www.colegioluissolana.com\/wp-content\/uploads\/2012\/12\/corro-73_04.pdf\" target=\"_blank\">corro 73_P\u00e1g._04_Noticias breves<\/a><\/p>\n<p><a href=\"http:\/\/www.colegioluissolana.com\/wp-content\/uploads\/2012\/12\/corro-73_05.pdf\" target=\"_blank\">corro 73_P\u00e1g._05_Temas: Carta a los Reyes Magos<\/a><\/p>\n<p><a href=\"http:\/\/www.colegioluissolana.com\/wp-content\/uploads\/2012\/12\/corro-73_06.pdf\" target=\"_blank\">corro 73_P\u00e1g._06_As\u00ed es nuestra escuela<\/a><\/p>\n<p><a href=\"http:\/\/www.colegioluissolana.com\/wp-content\/uploads\/2012\/12\/corro-73_07.pdf\" target=\"_blank\">corro 73_P\u00e1g._07_Nuestro pueblo: XIII FIESTA DEL VINO<\/a><\/p>\n<p><a href=\"http:\/\/www.colegioluissolana.com\/wp-content\/uploads\/2012\/12\/corro-73_08.pdf\" target=\"_blank\">corro 73_P\u00e1g._08_Los vinos de nuestra Regi\u00f3n<\/a><\/p>\n<p><a href=\"http:\/\/www.colegioluissolana.com\/wp-content\/uploads\/2012\/12\/corro-73_09.pdf\" target=\"_blank\">corro 73_P\u00e1g._09_Pa\u00eds: Tragedia en el Madrid Arena<\/a><\/p>\n<p><a href=\"http:\/\/www.colegioluissolana.com\/wp-content\/uploads\/2012\/12\/corro-73_10.pdf\" target=\"_blank\">corro 73_P\u00e1g._10_Mundo: Obama triunfa de nuevo<\/a><\/p>\n<p><a href=\"http:\/\/www.colegioluissolana.com\/wp-content\/uploads\/2012\/12\/corro-73_11.pdf\" target=\"_blank\">corro 73_P\u00e1g._11_Infantil-3 a\u00f1os: Oto\u00f1o<\/a><\/p>\n<p><a href=\"http:\/\/www.colegioluissolana.com\/wp-content\/uploads\/2012\/12\/corro-73_12.pdf\" target=\"_blank\">corro 73_P\u00e1g._12_Infantil-4 a\u00f1os: Happy halloween!<\/a><\/p>\n<p><a href=\"http:\/\/www.colegioluissolana.com\/wp-content\/uploads\/2012\/12\/corro-73_13.pdf\" target=\"_blank\">corro 73_P\u00e1g._13_Infantil-5 a\u00f1os: Ratoncito P\u00e9rez<\/a><\/p>\n<p><a href=\"http:\/\/www.colegioluissolana.com\/wp-content\/uploads\/2012\/12\/corro-73_14.pdf\" target=\"_blank\">corro 73_P\u00e1g._14_1\u00ba de Primaria: Colores de oto\u00f1o<\/a><\/p>\n<p><a href=\"http:\/\/www.colegioluissolana.com\/wp-content\/uploads\/2012\/12\/corro-73_15.pdf\" target=\"_blank\">corro 73_P\u00e1g._15_2\u00ba de Primaria: Refranes<\/a><\/p>\n<p><a href=\"http:\/\/www.colegioluissolana.com\/wp-content\/uploads\/2012\/12\/corro-73_16.pdf\" target=\"_blank\">corro 73_P\u00e1g._16_English corner<\/a><\/p>\n<p><a href=\"http:\/\/www.colegioluissolana.com\/wp-content\/uploads\/2012\/12\/corro-73_17.pdf\" target=\"_blank\">corro 73_P\u00e1g._17_Poemas: Otros villancicos<\/a><\/p>\n<p><a href=\"http:\/\/www.colegioluissolana.com\/wp-content\/uploads\/2012\/12\/corro-73_18.pdf\" target=\"_blank\">corro 73_P\u00e1g._18_Carta de la A.M.P.A.<\/a><\/p>\n<p><a href=\"http:\/\/www.colegioluissolana.com\/wp-content\/uploads\/2012\/12\/corro-73_19.pdf\" target=\"_blank\">corro 73_P\u00e1g._19_Libros recomendados<\/a><\/p>\n<p><a href=\"http:\/\/www.colegioluissolana.com\/wp-content\/uploads\/2012\/12\/corro-73_20.pdf\" target=\"_blank\">corro 73_P\u00e1g._20_Entrevista: don Jes\u00fas Garc\u00eda Cuesta<\/a><\/p>\n<p><a href=\"http:\/\/www.colegioluissolana.com\/wp-content\/uploads\/2012\/12\/corro-73_21.pdf\" target=\"_blank\">corro 73_P\u00e1g._21_Pasatiempos<\/a><\/p>\n<p><a href=\"http:\/\/www.colegioluissolana.com\/wp-content\/uploads\/2012\/12\/corro-73_22.pdf\" target=\"_blank\">corro 73_P\u00e1g._22_Humor: chistes de miedo<\/a><\/p>\n<p><a href=\"http:\/\/www.colegioluissolana.com\/wp-content\/uploads\/2012\/12\/corro-73_23.pdf\" target=\"_blank\">corro 73_Contraportada<\/a><\/p>\n<p>&nbsp;<\/p>\n","protected":false},"excerpt":{"rendered":"<p>corro 73_Portada corro 73_P\u00e1g._01_im\u00e1genes del 1er. trimestre corro 73_P\u00e1g._02_Editorial corro 73_P\u00e1g._03_Actualidad: Halloween corro 73_P\u00e1g._04_Noticias breves corro 73_P\u00e1g._05_Temas: Carta a los Reyes Magos corro 73_P\u00e1g._06_As\u00ed es nuestra escuela corro 73_P\u00e1g._07_Nuestro pueblo: XIII FIESTA DEL VINO corro 73_P\u00e1g._08_Los vinos de nuestra Regi\u00f3n &hellip; <a href=\"http:\/\/www.colegioluissolana.com\/?page_id=3771\">Sigue leyendo <span class=\"meta-nav\">&rarr;<\/span><\/a><\/p>\n","protected":false},"author":7,"featured_media":0,"parent":125,"menu_order":0,"comment_status":"closed","ping_status":"open","template":"","meta":[],"_links":{"self":[{"href":"http:\/\/www.colegioluissolana.com\/index.php?rest_route=\/wp\/v2\/pages\/3771"}],"collection":[{"href":"http:\/\/www.colegioluissolana.com\/index.php?rest_route=\/wp\/v2\/pages"}],"about":[{"href":"http:\/\/www.colegioluissolana.com\/index.php?rest_route=\/wp\/v2\/types\/page"}],"author":[{"embeddable":true,"href":"http:\/\/www.colegioluissolana.com\/index.php?rest_route=\/wp\/v2\/users\/7"}],"replies":[{"embeddable":true,"href":"http:\/\/www.colegioluissolana.com\/index.php?rest_route=%2Fwp%2Fv2%2Fcomments&post=3771"}],"version-history":[{"count":4,"href":"http:\/\/www.colegioluissolana.com\/index.php?rest_route=\/wp\/v2\/pages\/3771\/revisions"}],"predecessor-version":[{"id":3792,"href":"http:\/\/www.colegioluissolana.com\/index.php?rest_route=\/wp\/v2\/pages\/3771\/revisions\/3792"}],"up":[{"embeddable":true,"href":"http:\/\/www.colegioluissolana.com\/index.php?rest_route=\/wp\/v2\/pages\/125"}],"wp:attachment":[{"href":"http:\/\/www.colegioluissolana.com\/index.php?rest_route=%2Fwp%2Fv2%2Fmedia&parent=3771"}],"curies":[{"name":"wp","href":"https:\/\/api.w.org\/{rel}","templated":true}]}}