{"id":10174,"date":"2022-11-23T20:04:59","date_gmt":"2022-11-23T19:04:59","guid":{"rendered":"http:\/\/www.colegioluissolana.com\/?page_id=10174"},"modified":"2024-02-27T20:42:54","modified_gmt":"2024-02-27T19:42:54","slug":"actividades-22-23","status":"publish","type":"page","link":"https:\/\/www.colegioluissolana.com\/?page_id=10174","title":{"rendered":"ACTIVIDADES 22\/23"},"content":{"rendered":"<p>&nbsp;<\/p>\n<p><strong>HALLOWEEN<\/strong><\/p>\n<p>Los alumnos\/as de nuestro centro han realizado aut\u00e9nticos trabajos y manualidades escalofriantes. \u00a0Algunas de ellas, reflejando la creatividad en camisetas, con material reciclado o en murales terror\u00edficos.<\/p>\n<p>Adem\u00e1s, algunos cursos realizaron unas pociones m\u00e1gicas con las que nos divertimos mucho, ya que los estudiantes tra\u00edan ideas bastante repulsivas pero a la vez escalofriantes.<\/p>\n<p>En definitiva, hemos intentado plasmar sus aportaciones en los proyectos y en las manualidades, en las siguientes fotos.<\/p>\n<p><img loading=\"lazy\" class=\"aligncenter size-large wp-image-10176\" src=\"http:\/\/www.colegioluissolana.com\/wp-content\/uploads\/2022\/11\/Captura-de-pantalla-2022-11-23-a-las-20.02.51-730x1024.png\" alt=\"\" width=\"640\" height=\"898\" srcset=\"https:\/\/www.colegioluissolana.com\/wp-content\/uploads\/2022\/11\/Captura-de-pantalla-2022-11-23-a-las-20.02.51-730x1024.png 730w, https:\/\/www.colegioluissolana.com\/wp-content\/uploads\/2022\/11\/Captura-de-pantalla-2022-11-23-a-las-20.02.51-214x300.png 214w, https:\/\/www.colegioluissolana.com\/wp-content\/uploads\/2022\/11\/Captura-de-pantalla-2022-11-23-a-las-20.02.51-768x1077.png 768w, https:\/\/www.colegioluissolana.com\/wp-content\/uploads\/2022\/11\/Captura-de-pantalla-2022-11-23-a-las-20.02.51.png 970w\" sizes=\"(max-width: 640px) 100vw, 640px\" \/><\/p>\n<p>\u00a1NOS ENCANTA HACER ACTIVIDADES ENTRETENIDAS, CON LAS QUE ADEM\u00c1S, APRENDEMOS UN MONT\u00d3N!<\/p>\n<p><strong>D\u00cdA DE LA PAZ<\/strong><\/p>\n<p>Los alumnos\/as del colegio, festejaron el d\u00eda de La Paz con diferentes actividades l\u00fadicas e innovadoras. Una vez m\u00e1s, mostramos la importancia del entendimiento entre iguales, el valor de la amistad y la convivencia.<\/p>\n<p><img loading=\"lazy\" class=\"aligncenter size-large wp-image-10261\" src=\"http:\/\/www.colegioluissolana.com\/wp-content\/uploads\/2023\/02\/Captura-de-pantalla-2023-02-23-a-las-19.42.06-1024x464.png\" alt=\"\" width=\"640\" height=\"290\" srcset=\"https:\/\/www.colegioluissolana.com\/wp-content\/uploads\/2023\/02\/Captura-de-pantalla-2023-02-23-a-las-19.42.06-1024x464.png 1024w, https:\/\/www.colegioluissolana.com\/wp-content\/uploads\/2023\/02\/Captura-de-pantalla-2023-02-23-a-las-19.42.06-300x136.png 300w, https:\/\/www.colegioluissolana.com\/wp-content\/uploads\/2023\/02\/Captura-de-pantalla-2023-02-23-a-las-19.42.06-768x348.png 768w, https:\/\/www.colegioluissolana.com\/wp-content\/uploads\/2023\/02\/Captura-de-pantalla-2023-02-23-a-las-19.42.06-1536x696.png 1536w, https:\/\/www.colegioluissolana.com\/wp-content\/uploads\/2023\/02\/Captura-de-pantalla-2023-02-23-a-las-19.42.06.png 1704w\" sizes=\"(max-width: 640px) 100vw, 640px\" \/><\/p>\n<p><img loading=\"lazy\" class=\"aligncenter size-large wp-image-10262\" src=\"http:\/\/www.colegioluissolana.com\/wp-content\/uploads\/2023\/02\/Captura-de-pantalla-2023-02-23-a-las-19.42.17-1024x766.png\" alt=\"\" width=\"640\" height=\"479\" srcset=\"https:\/\/www.colegioluissolana.com\/wp-content\/uploads\/2023\/02\/Captura-de-pantalla-2023-02-23-a-las-19.42.17-1024x766.png 1024w, https:\/\/www.colegioluissolana.com\/wp-content\/uploads\/2023\/02\/Captura-de-pantalla-2023-02-23-a-las-19.42.17-300x224.png 300w, https:\/\/www.colegioluissolana.com\/wp-content\/uploads\/2023\/02\/Captura-de-pantalla-2023-02-23-a-las-19.42.17-768x575.png 768w, https:\/\/www.colegioluissolana.com\/wp-content\/uploads\/2023\/02\/Captura-de-pantalla-2023-02-23-a-las-19.42.17-1536x1149.png 1536w, https:\/\/www.colegioluissolana.com\/wp-content\/uploads\/2023\/02\/Captura-de-pantalla-2023-02-23-a-las-19.42.17.png 1684w\" sizes=\"(max-width: 640px) 100vw, 640px\" \/><\/p>\n<p><strong>SAN VALENT\u00cdN<\/strong><\/p>\n<p>Nuestros alumnos\/as han realizado varias actividades centradas en el d\u00eda del amor, trabajando para ello contenidos en ingl\u00e9s (n\u00fameros), as\u00ed como potenciando la creatividad y la convivencia.<\/p>\n<p><img loading=\"lazy\" class=\"aligncenter size-large wp-image-10260\" src=\"http:\/\/www.colegioluissolana.com\/wp-content\/uploads\/2023\/02\/Captura-de-pantalla-2023-02-23-a-las-19.38.45-841x1024.png\" alt=\"\" width=\"640\" height=\"779\" srcset=\"https:\/\/www.colegioluissolana.com\/wp-content\/uploads\/2023\/02\/Captura-de-pantalla-2023-02-23-a-las-19.38.45-841x1024.png 841w, https:\/\/www.colegioluissolana.com\/wp-content\/uploads\/2023\/02\/Captura-de-pantalla-2023-02-23-a-las-19.38.45-246x300.png 246w, https:\/\/www.colegioluissolana.com\/wp-content\/uploads\/2023\/02\/Captura-de-pantalla-2023-02-23-a-las-19.38.45-768x935.png 768w, https:\/\/www.colegioluissolana.com\/wp-content\/uploads\/2023\/02\/Captura-de-pantalla-2023-02-23-a-las-19.38.45.png 1242w\" sizes=\"(max-width: 640px) 100vw, 640px\" \/><\/p>\n","protected":false},"excerpt":{"rendered":"<p>&nbsp; HALLOWEEN Los alumnos\/as de nuestro centro han realizado aut\u00e9nticos trabajos y manualidades escalofriantes. \u00a0Algunas de ellas, reflejando la creatividad en camisetas, con material reciclado o en murales terror\u00edficos. Adem\u00e1s, algunos cursos realizaron unas pociones m\u00e1gicas con las que nos &hellip; <a href=\"https:\/\/www.colegioluissolana.com\/?page_id=10174\">Sigue leyendo <span class=\"meta-nav\">&rarr;<\/span><\/a><\/p>\n","protected":false},"author":22,"featured_media":0,"parent":9046,"menu_order":0,"comment_status":"closed","ping_status":"closed","template":"","meta":[],"_links":{"self":[{"href":"https:\/\/www.colegioluissolana.com\/index.php?rest_route=\/wp\/v2\/pages\/10174"}],"collection":[{"href":"https:\/\/www.colegioluissolana.com\/index.php?rest_route=\/wp\/v2\/pages"}],"about":[{"href":"https:\/\/www.colegioluissolana.com\/index.php?rest_route=\/wp\/v2\/types\/page"}],"author":[{"embeddable":true,"href":"https:\/\/www.colegioluissolana.com\/index.php?rest_route=\/wp\/v2\/users\/22"}],"replies":[{"embeddable":true,"href":"https:\/\/www.colegioluissolana.com\/index.php?rest_route=%2Fwp%2Fv2%2Fcomments&post=10174"}],"version-history":[{"count":10,"href":"https:\/\/www.colegioluissolana.com\/index.php?rest_route=\/wp\/v2\/pages\/10174\/revisions"}],"predecessor-version":[{"id":10974,"href":"https:\/\/www.colegioluissolana.com\/index.php?rest_route=\/wp\/v2\/pages\/10174\/revisions\/10974"}],"up":[{"embeddable":true,"href":"https:\/\/www.colegioluissolana.com\/index.php?rest_route=\/wp\/v2\/pages\/9046"}],"wp:attachment":[{"href":"https:\/\/www.colegioluissolana.com\/index.php?rest_route=%2Fwp%2Fv2%2Fmedia&parent=10174"}],"curies":[{"name":"wp","href":"https:\/\/api.w.org\/{rel}","templated":true}]}}