{"id":10266,"date":"2023-02-23T19:46:51","date_gmt":"2023-02-23T18:46:51","guid":{"rendered":"http:\/\/www.colegioluissolana.com\/?page_id=10266"},"modified":"2023-05-04T18:35:24","modified_gmt":"2023-05-04T17:35:24","slug":"children-works-year-2022-2023","status":"publish","type":"page","link":"https:\/\/www.colegioluissolana.com\/?page_id=10266","title":{"rendered":"CHILDREN WORKS YEAR 2022-2023"},"content":{"rendered":"<p><strong>HALLOWEEN<\/strong><\/p>\n<p>Los alumnos\/as de nuestro centro han realizado aut\u00e9nticos trabajos y manualidades escalofriantes. \u00a0Algunas de ellas, reflejando la creatividad en camisetas, con material reciclado o en murales terror\u00edficos.<\/p>\n<p>Adem\u00e1s, algunos cursos realizaron unas pociones m\u00e1gicas con las que nos divertimos mucho, ya que los estudiantes tra\u00edan ideas bastante repulsivas pero a la vez escalofriantes.<\/p>\n<p>En definitiva, hemos intentado plasmar sus aportaciones en los proyectos y en las manualidades, en las siguientes fotos.<\/p>\n<p><img loading=\"lazy\" class=\"aligncenter size-large wp-image-10176\" src=\"http:\/\/www.colegioluissolana.com\/wp-content\/uploads\/2022\/11\/Captura-de-pantalla-2022-11-23-a-las-20.02.51-730x1024.png\" alt=\"\" width=\"640\" height=\"898\" srcset=\"https:\/\/www.colegioluissolana.com\/wp-content\/uploads\/2022\/11\/Captura-de-pantalla-2022-11-23-a-las-20.02.51-730x1024.png 730w, https:\/\/www.colegioluissolana.com\/wp-content\/uploads\/2022\/11\/Captura-de-pantalla-2022-11-23-a-las-20.02.51-214x300.png 214w, https:\/\/www.colegioluissolana.com\/wp-content\/uploads\/2022\/11\/Captura-de-pantalla-2022-11-23-a-las-20.02.51-768x1077.png 768w, https:\/\/www.colegioluissolana.com\/wp-content\/uploads\/2022\/11\/Captura-de-pantalla-2022-11-23-a-las-20.02.51.png 970w\" sizes=\"(max-width: 640px) 100vw, 640px\" \/><\/p>\n<p>\u00a1NOS ENCANTA HACER ACTIVIDADES ENTRETENIDAS, CON LAS QUE ADEM\u00c1S, APRENDEMOS UN MONT\u00d3N!<\/p>\n<p><strong>PEACE DAY<\/strong><\/p>\n<p>Los alumnos\/as del colegio, festejaron el d\u00eda de La Paz con diferentes actividades l\u00fadicas e innovadoras. Una vez m\u00e1s, mostramos la importancia del entendimiento entre iguales, el valor de la amistad y la convivencia.<\/p>\n<p><img loading=\"lazy\" class=\"aligncenter size-large wp-image-10261\" src=\"http:\/\/www.colegioluissolana.com\/wp-content\/uploads\/2023\/02\/Captura-de-pantalla-2023-02-23-a-las-19.42.06-1024x464.png\" alt=\"\" width=\"640\" height=\"290\" srcset=\"https:\/\/www.colegioluissolana.com\/wp-content\/uploads\/2023\/02\/Captura-de-pantalla-2023-02-23-a-las-19.42.06-1024x464.png 1024w, https:\/\/www.colegioluissolana.com\/wp-content\/uploads\/2023\/02\/Captura-de-pantalla-2023-02-23-a-las-19.42.06-300x136.png 300w, https:\/\/www.colegioluissolana.com\/wp-content\/uploads\/2023\/02\/Captura-de-pantalla-2023-02-23-a-las-19.42.06-768x348.png 768w, https:\/\/www.colegioluissolana.com\/wp-content\/uploads\/2023\/02\/Captura-de-pantalla-2023-02-23-a-las-19.42.06-1536x696.png 1536w, https:\/\/www.colegioluissolana.com\/wp-content\/uploads\/2023\/02\/Captura-de-pantalla-2023-02-23-a-las-19.42.06.png 1704w\" sizes=\"(max-width: 640px) 100vw, 640px\" \/><\/p>\n<p><img loading=\"lazy\" class=\"aligncenter size-large wp-image-10262\" src=\"http:\/\/www.colegioluissolana.com\/wp-content\/uploads\/2023\/02\/Captura-de-pantalla-2023-02-23-a-las-19.42.17-1024x766.png\" alt=\"\" width=\"640\" height=\"479\" srcset=\"https:\/\/www.colegioluissolana.com\/wp-content\/uploads\/2023\/02\/Captura-de-pantalla-2023-02-23-a-las-19.42.17-1024x766.png 1024w, https:\/\/www.colegioluissolana.com\/wp-content\/uploads\/2023\/02\/Captura-de-pantalla-2023-02-23-a-las-19.42.17-300x224.png 300w, https:\/\/www.colegioluissolana.com\/wp-content\/uploads\/2023\/02\/Captura-de-pantalla-2023-02-23-a-las-19.42.17-768x575.png 768w, https:\/\/www.colegioluissolana.com\/wp-content\/uploads\/2023\/02\/Captura-de-pantalla-2023-02-23-a-las-19.42.17-1536x1149.png 1536w, https:\/\/www.colegioluissolana.com\/wp-content\/uploads\/2023\/02\/Captura-de-pantalla-2023-02-23-a-las-19.42.17.png 1684w\" sizes=\"(max-width: 640px) 100vw, 640px\" \/><\/p>\n<p><strong>VALENTINE\u00b4S DAY<\/strong><\/p>\n<p>Nuestros alumnos\/as han realizado varias actividades centradas en el d\u00eda del amor, trabajando para ello contenidos en ingl\u00e9s (n\u00fameros), as\u00ed como potenciando la creatividad y la convivencia.<\/p>\n<p><img loading=\"lazy\" class=\"aligncenter size-large wp-image-10260\" src=\"http:\/\/www.colegioluissolana.com\/wp-content\/uploads\/2023\/02\/Captura-de-pantalla-2023-02-23-a-las-19.38.45-841x1024.png\" alt=\"\" width=\"640\" height=\"779\" srcset=\"https:\/\/www.colegioluissolana.com\/wp-content\/uploads\/2023\/02\/Captura-de-pantalla-2023-02-23-a-las-19.38.45-841x1024.png 841w, https:\/\/www.colegioluissolana.com\/wp-content\/uploads\/2023\/02\/Captura-de-pantalla-2023-02-23-a-las-19.38.45-246x300.png 246w, https:\/\/www.colegioluissolana.com\/wp-content\/uploads\/2023\/02\/Captura-de-pantalla-2023-02-23-a-las-19.38.45-768x935.png 768w, https:\/\/www.colegioluissolana.com\/wp-content\/uploads\/2023\/02\/Captura-de-pantalla-2023-02-23-a-las-19.38.45.png 1242w\" sizes=\"(max-width: 640px) 100vw, 640px\" \/><\/p>\n<p><strong>THE FRIENDSHIP WEEK<\/strong><\/p>\n<p>Durante la semana del 22, 23 y 24 de febrero, trabajamos la semana de la amistad con ciertos mensajes que denotan amista, amor y compa\u00f1erismo, valores que tienen que ser inculcados en el d\u00eda a d\u00eda.<\/p>\n<p>Para ello, hemos trabajado dichos valores, proporcionando cada d\u00eda de la semana, una tarea diferente. Este a\u00f1o, hemos querido trabajarlo tambi\u00e9n en ingl\u00e9s, para seguir practicando conversaciones en dicho idioma.<\/p>\n<p><img loading=\"lazy\" class=\"aligncenter wp-image-10305\" src=\"http:\/\/www.colegioluissolana.com\/wp-content\/uploads\/2023\/05\/Captura-de-pantalla-2023-05-04-a-las-19.21.35.png\" alt=\"\" width=\"300\" height=\"534\" srcset=\"https:\/\/www.colegioluissolana.com\/wp-content\/uploads\/2023\/05\/Captura-de-pantalla-2023-05-04-a-las-19.21.35.png 770w, https:\/\/www.colegioluissolana.com\/wp-content\/uploads\/2023\/05\/Captura-de-pantalla-2023-05-04-a-las-19.21.35-169x300.png 169w, https:\/\/www.colegioluissolana.com\/wp-content\/uploads\/2023\/05\/Captura-de-pantalla-2023-05-04-a-las-19.21.35-576x1024.png 576w, https:\/\/www.colegioluissolana.com\/wp-content\/uploads\/2023\/05\/Captura-de-pantalla-2023-05-04-a-las-19.21.35-768x1366.png 768w\" sizes=\"(max-width: 300px) 100vw, 300px\" \/><\/p>\n<p><strong>SAINT PATRICK\u00b4S DAY<\/strong><\/p>\n<p><img loading=\"lazy\" class=\"alignright wp-image-10307 size-medium\" src=\"http:\/\/www.colegioluissolana.com\/wp-content\/uploads\/2023\/05\/Captura-de-pantalla-2023-05-04-a-las-19.09.27-300x87.png\" alt=\"\" width=\"300\" height=\"87\" srcset=\"https:\/\/www.colegioluissolana.com\/wp-content\/uploads\/2023\/05\/Captura-de-pantalla-2023-05-04-a-las-19.09.27-300x87.png 300w, https:\/\/www.colegioluissolana.com\/wp-content\/uploads\/2023\/05\/Captura-de-pantalla-2023-05-04-a-las-19.09.27-1024x297.png 1024w, https:\/\/www.colegioluissolana.com\/wp-content\/uploads\/2023\/05\/Captura-de-pantalla-2023-05-04-a-las-19.09.27-768x222.png 768w, https:\/\/www.colegioluissolana.com\/wp-content\/uploads\/2023\/05\/Captura-de-pantalla-2023-05-04-a-las-19.09.27.png 1464w\" sizes=\"(max-width: 300px) 100vw, 300px\" \/><\/p>\n<p>Los alumnos\/as del colegio celebramos San Patricio de una manera muy din\u00e1mica y divertida. En primer lugar, el viernes 17 de marzo, vinimos al colegio con alguna prenda o cualquier indumentaria de color verde, ya que es un color representativo de dicha fiesta.<\/p>\n<p>Somos alumnos\/as muy activos e interesados en conocer la historia irlandesa. Por ello, estuvimos navegando por la red para saber alguna que otra an\u00e9cdota e investigar un poco m\u00e1s de dicha festividad.<\/p>\n<p>\u00bfA que no sab\u00edas que, seg\u00fan la leyenda, el animal que se relaciona con dicha fiesta es la serpiente?<\/p>\n<p>Si quieres, puedes indagar a\u00fan m\u00e1s pinchando en el siguiente enlace:\u00a0<a href=\"https:\/\/view.genial.ly\/604e6867d6ce810d1fe463f5\/interactive-content-st-patricks-day\">https:\/\/view.genial.ly\/604e6867d6ce810d1fe463f5\/interactive-content-st-patricks-day<\/a><\/p>\n<p>Adem\u00e1s, estuvimos buscando y aprendiendo vocabulario; utilizando diferentes formatos, as\u00ed como la importancia de dar gracias por todo lo que tenemos. Los alumnos\/as escribieron alguna gratificaci\u00f3n en un caldero.<\/p>\n<p><img loading=\"lazy\" class=\"aligncenter size-large wp-image-10306\" src=\"http:\/\/www.colegioluissolana.com\/wp-content\/uploads\/2023\/05\/Captura-de-pantalla-2023-05-04-a-las-19.10.03-1024x756.png\" alt=\"\" width=\"640\" height=\"473\" srcset=\"https:\/\/www.colegioluissolana.com\/wp-content\/uploads\/2023\/05\/Captura-de-pantalla-2023-05-04-a-las-19.10.03-1024x756.png 1024w, https:\/\/www.colegioluissolana.com\/wp-content\/uploads\/2023\/05\/Captura-de-pantalla-2023-05-04-a-las-19.10.03-300x221.png 300w, https:\/\/www.colegioluissolana.com\/wp-content\/uploads\/2023\/05\/Captura-de-pantalla-2023-05-04-a-las-19.10.03-768x567.png 768w, https:\/\/www.colegioluissolana.com\/wp-content\/uploads\/2023\/05\/Captura-de-pantalla-2023-05-04-a-las-19.10.03.png 1290w\" sizes=\"(max-width: 640px) 100vw, 640px\" \/><\/p>\n<p>&nbsp;<\/p>\n","protected":false},"excerpt":{"rendered":"<p>HALLOWEEN Los alumnos\/as de nuestro centro han realizado aut\u00e9nticos trabajos y manualidades escalofriantes. \u00a0Algunas de ellas, reflejando la creatividad en camisetas, con material reciclado o en murales terror\u00edficos. Adem\u00e1s, algunos cursos realizaron unas pociones m\u00e1gicas con las que nos divertimos &hellip; <a href=\"https:\/\/www.colegioluissolana.com\/?page_id=10266\">Sigue leyendo <span class=\"meta-nav\">&rarr;<\/span><\/a><\/p>\n","protected":false},"author":22,"featured_media":0,"parent":2327,"menu_order":0,"comment_status":"closed","ping_status":"closed","template":"","meta":[],"_links":{"self":[{"href":"https:\/\/www.colegioluissolana.com\/index.php?rest_route=\/wp\/v2\/pages\/10266"}],"collection":[{"href":"https:\/\/www.colegioluissolana.com\/index.php?rest_route=\/wp\/v2\/pages"}],"about":[{"href":"https:\/\/www.colegioluissolana.com\/index.php?rest_route=\/wp\/v2\/types\/page"}],"author":[{"embeddable":true,"href":"https:\/\/www.colegioluissolana.com\/index.php?rest_route=\/wp\/v2\/users\/22"}],"replies":[{"embeddable":true,"href":"https:\/\/www.colegioluissolana.com\/index.php?rest_route=%2Fwp%2Fv2%2Fcomments&post=10266"}],"version-history":[{"count":5,"href":"https:\/\/www.colegioluissolana.com\/index.php?rest_route=\/wp\/v2\/pages\/10266\/revisions"}],"predecessor-version":[{"id":10308,"href":"https:\/\/www.colegioluissolana.com\/index.php?rest_route=\/wp\/v2\/pages\/10266\/revisions\/10308"}],"up":[{"embeddable":true,"href":"https:\/\/www.colegioluissolana.com\/index.php?rest_route=\/wp\/v2\/pages\/2327"}],"wp:attachment":[{"href":"https:\/\/www.colegioluissolana.com\/index.php?rest_route=%2Fwp%2Fv2%2Fmedia&parent=10266"}],"curies":[{"name":"wp","href":"https:\/\/api.w.org\/{rel}","templated":true}]}}