{"id":1461,"date":"2009-12-18T11:58:29","date_gmt":"2009-12-18T10:58:29","guid":{"rendered":"http:\/\/www.colegioluissolana.com\/?page_id=1461"},"modified":"2009-12-18T14:17:33","modified_gmt":"2009-12-18T13:17:33","slug":"el-corro-n%c2%ba-64","status":"publish","type":"page","link":"https:\/\/www.colegioluissolana.com\/?page_id=1461","title":{"rendered":"El Corro n\u00ba 64"},"content":{"rendered":"<p><a href=\"http:\/\/www.colegioluissolana.com\/wp-content\/uploads\/2009\/12\/cubierta_64b.pdf\" target=\"_blank\"><img loading=\"lazy\" class=\"alignnone size-full wp-image-1462\" title=\"cubierta_64_min\" src=\"http:\/\/www.colegioluissolana.com\/wp-content\/uploads\/2009\/12\/cubierta_64_min.jpg\" alt=\"cubierta_64_min\" width=\"56\" height=\"64\" \/>PORTADA<\/a><\/p>\n<p><a href=\"http:\/\/www.colegioluissolana.com\/wp-content\/uploads\/2009\/12\/Corro_64_1.pdf\" target=\"_blank\">P\u00e1gina 1- Editorial<\/a><\/p>\n<p><a href=\"http:\/\/www.colegioluissolana.com\/wp-content\/uploads\/2009\/12\/Corro_64_2.pdf\" target=\"_blank\">P\u00e1gina 2 &#8211;\u00a0ACTUALIDAD: Un mundo amigo<\/a><\/p>\n<p><a href=\"http:\/\/www.colegioluissolana.com\/wp-content\/uploads\/2009\/12\/Corro_64_31.pdf\" target=\"_blank\">P\u00e1gina 3 &#8211; Noticias breves<\/a><\/p>\n<p><a href=\"http:\/\/www.colegioluissolana.com\/wp-content\/uploads\/2009\/12\/Corro_64_4.pdf\" target=\"_blank\">P\u00e1gina 4 &#8211; ESCUELA: Michael Serrano Silva<\/a><\/p>\n<p><a href=\"http:\/\/www.colegioluissolana.com\/wp-content\/uploads\/2009\/12\/Corro_64_5.pdf\" target=\"_blank\">P\u00e1gina 5 &#8211; NUESTRO PUEBLO: El paro en M\u00e9ntrida<\/a><\/p>\n<p><a href=\"http:\/\/www.colegioluissolana.com\/wp-content\/uploads\/2009\/12\/Corro_64_6.pdf\" target=\"_blank\">P\u00e1gina 6 &#8211; NUESTRA REGI\u00d3N: Las Tablas de Daimiel se mueren<\/a><\/p>\n<p><a href=\"http:\/\/www.colegioluissolana.com\/wp-content\/uploads\/2009\/12\/Corro_64_7.pdf\" target=\"_blank\">P\u00e1gina 7 &#8211; PA\u00cdS: Lo que preocupa a los espa\u00f1oles<\/a><\/p>\n<p><a href=\"http:\/\/www.colegioluissolana.com\/wp-content\/uploads\/2009\/12\/Corro_64_8.pdf\" target=\"_blank\">P\u00e1gina 8 &#8211; MUNDO: Gripe A (II)<\/a><\/p>\n<p><a href=\"http:\/\/www.colegioluissolana.com\/wp-content\/uploads\/2009\/12\/Corro_64_91.pdf\" target=\"_blank\">P\u00e1gina 9 &#8211; TEMAS: La p\u00e9rdida de un ser querido<\/a><\/p>\n<p><a href=\"http:\/\/www.colegioluissolana.com\/wp-content\/uploads\/2009\/12\/Corro_64_10b.pdf\" target=\"_blank\">P\u00e1gina 10 &#8211; LOS PEQUES: Infantil 3 a\u00f1os (El patito feo)<\/a><\/p>\n<p><a href=\"http:\/\/www.colegioluissolana.com\/wp-content\/uploads\/2009\/12\/Corro_64_11.pdf\" target=\"_blank\">P\u00e1gina 11 &#8211; LOS PEQUES: Infantil 4 a\u00f1os (Halloween)<\/a><\/p>\n<p><a href=\"http:\/\/www.colegioluissolana.com\/wp-content\/uploads\/2009\/12\/Corro_64_12b.pdf\" target=\"_blank\">P\u00e1gina 12 &#8211; LOS PEQUES: Infantil 5 a\u00f1os (Fiesta de la casta\u00f1a)<\/a><\/p>\n<p><a href=\"http:\/\/www.colegioluissolana.com\/wp-content\/uploads\/2009\/12\/Corro_64_13b.pdf\" target=\"_blank\">P\u00e1gina 13 &#8211; LOS PEQUES: 1\u00ba de Primaria (Cosmocaixa)<\/a><\/p>\n<p><a href=\"http:\/\/www.colegioluissolana.com\/wp-content\/uploads\/2009\/12\/Corro_64_14b.pdf\" target=\"_blank\">P\u00e1gina 14 &#8211; LOS PEQUES: 2\u00ba de Primaria (El Rey Solito)<\/a><\/p>\n<p><a href=\"http:\/\/www.colegioluissolana.com\/wp-content\/uploads\/2009\/12\/Corro_64_15b.pdf\">P\u00e1gina 15 &#8211; ENGLISH CORNER: Our experiences &#8230;<\/a><\/p>\n<p><a href=\"http:\/\/www.colegioluissolana.com\/wp-content\/uploads\/2009\/12\/Corro_64_16.pdf\" target=\"_blank\">P\u00e1gina 16 &#8211; ENTREVISTA: Natalia, nuestra enfermera<\/a><\/p>\n<p><a href=\"http:\/\/www.colegioluissolana.com\/wp-content\/uploads\/2009\/12\/Corro_64_17.pdf\" target=\"_blank\">P\u00e1gina 17 &#8211; POEMAS: Aires navide\u00f1os<\/a><\/p>\n<p><a href=\"http:\/\/www.colegioluissolana.com\/wp-content\/uploads\/2009\/12\/Corro_64_181.pdf\" target=\"_blank\">P\u00e1gina 18 &#8211; BUZ\u00d3N: Carta del AMPA<\/a><\/p>\n<p><a href=\"http:\/\/www.colegioluissolana.com\/wp-content\/uploads\/2009\/12\/Corro_64_19.pdf\" target=\"_blank\">P\u00e1gina 19 &#8211; RECOMENDADOS: An\u00edmate a leer<\/a><\/p>\n<p><a href=\"http:\/\/www.colegioluissolana.com\/wp-content\/uploads\/2009\/12\/Corro_64_20b.pdf\" target=\"_blank\">P\u00e1gina 20 &#8211; PASATIEMPOS: 12 diferencias<\/a><\/p>\n<p><a href=\"http:\/\/www.colegioluissolana.com\/wp-content\/uploads\/2009\/12\/Corro_64_21b.pdf\" target=\"_blank\">P\u00e1gina 21 &#8211; HUMOR: De risa<\/a><\/p>\n<p><a href=\"http:\/\/www.colegioluissolana.com\/wp-content\/uploads\/2009\/12\/Corro_64_22b.pdf\" target=\"_blank\">P\u00e1gina 22 &#8211; REPORTAJE: La actualidad en im\u00e1genes<\/a><\/p>\n<p><a href=\"http:\/\/www.colegioluissolana.com\/wp-content\/uploads\/2009\/12\/contra_64b.pdf\" target=\"_blank\">CONTRAPORTADA: Ayuda en Acci\u00f3n<\/a><\/p>\n","protected":false},"excerpt":{"rendered":"<p>PORTADA P\u00e1gina 1- Editorial P\u00e1gina 2 &#8211;\u00a0ACTUALIDAD: Un mundo amigo P\u00e1gina 3 &#8211; Noticias breves P\u00e1gina 4 &#8211; ESCUELA: Michael Serrano Silva P\u00e1gina 5 &#8211; NUESTRO PUEBLO: El paro en M\u00e9ntrida P\u00e1gina 6 &#8211; NUESTRA REGI\u00d3N: Las Tablas de Daimiel &hellip; <a href=\"https:\/\/www.colegioluissolana.com\/?page_id=1461\">Sigue leyendo <span class=\"meta-nav\">&rarr;<\/span><\/a><\/p>\n","protected":false},"author":7,"featured_media":0,"parent":125,"menu_order":0,"comment_status":"closed","ping_status":"open","template":"","meta":[],"_links":{"self":[{"href":"https:\/\/www.colegioluissolana.com\/index.php?rest_route=\/wp\/v2\/pages\/1461"}],"collection":[{"href":"https:\/\/www.colegioluissolana.com\/index.php?rest_route=\/wp\/v2\/pages"}],"about":[{"href":"https:\/\/www.colegioluissolana.com\/index.php?rest_route=\/wp\/v2\/types\/page"}],"author":[{"embeddable":true,"href":"https:\/\/www.colegioluissolana.com\/index.php?rest_route=\/wp\/v2\/users\/7"}],"replies":[{"embeddable":true,"href":"https:\/\/www.colegioluissolana.com\/index.php?rest_route=%2Fwp%2Fv2%2Fcomments&post=1461"}],"version-history":[{"count":15,"href":"https:\/\/www.colegioluissolana.com\/index.php?rest_route=\/wp\/v2\/pages\/1461\/revisions"}],"predecessor-version":[{"id":1531,"href":"https:\/\/www.colegioluissolana.com\/index.php?rest_route=\/wp\/v2\/pages\/1461\/revisions\/1531"}],"up":[{"embeddable":true,"href":"https:\/\/www.colegioluissolana.com\/index.php?rest_route=\/wp\/v2\/pages\/125"}],"wp:attachment":[{"href":"https:\/\/www.colegioluissolana.com\/index.php?rest_route=%2Fwp%2Fv2%2Fmedia&parent=1461"}],"curies":[{"name":"wp","href":"https:\/\/api.w.org\/{rel}","templated":true}]}}