{"id":3109,"date":"2011-12-14T14:09:34","date_gmt":"2011-12-14T13:09:34","guid":{"rendered":"http:\/\/www.colegioluissolana.com\/?page_id=3109"},"modified":"2011-12-14T14:09:34","modified_gmt":"2011-12-14T13:09:34","slug":"el-corro-n%c2%ba-70","status":"publish","type":"page","link":"https:\/\/www.colegioluissolana.com\/?page_id=3109","title":{"rendered":"EL CORRO N\u00ba 70"},"content":{"rendered":"<p><a href=\"http:\/\/www.colegioluissolana.com\/wp-content\/uploads\/2011\/12\/CORRO-70-PDF_00.pdf\" target=\"_blank\">PORTADA_00<\/a><\/p>\n<p><a href=\"http:\/\/www.colegioluissolana.com\/wp-content\/uploads\/2011\/12\/CORRO-70-PDF_01.pdf\" target=\"_blank\">P\u00e1g_01: Actualidad gr\u00e1fica<\/a><\/p>\n<p><a href=\"http:\/\/www.colegioluissolana.com\/wp-content\/uploads\/2011\/12\/CORRO-70-PDF_02.pdf\" target=\"_blank\">P\u00e1g_02: Editorial<\/a><\/p>\n<p><a href=\"http:\/\/www.colegioluissolana.com\/wp-content\/uploads\/2011\/12\/CORRO-70-PDF_03.pdf\" target=\"_blank\">P\u00e1g_03: ACTUALIDAD: Erupci\u00f3n en el Hierro<\/a><\/p>\n<p><a href=\"http:\/\/www.colegioluissolana.com\/wp-content\/uploads\/2011\/12\/CORRO-70-PDF_04.pdf\" target=\"_blank\">P\u00e1g_04: BREVES: Pas\u00f3 en el primer trimestre.<\/a><\/p>\n<p><a href=\"http:\/\/www.colegioluissolana.com\/wp-content\/uploads\/2011\/12\/CORRO-70-PDF_05.pdf\" target=\"_blank\">P\u00e1g_05: TEMAS: Un deseo para Navidad.<\/a><\/p>\n<p><a href=\"http:\/\/www.colegioluissolana.com\/wp-content\/uploads\/2011\/12\/CORRO-70-PDF_06.pdf\" target=\"_blank\">P\u00e1g_06:ESCUELA: 70 n\u00fameros de El Corro<\/a>.<\/p>\n<p><a href=\"http:\/\/www.colegioluissolana.com\/wp-content\/uploads\/2011\/12\/CORRO-70-PDF_07.pdf\" target=\"_blank\">P\u00e1g_07: PUEBLO: La recogida de residuos s\u00f3lidos urbanos.<\/a><\/p>\n<p><a href=\"http:\/\/www.colegioluissolana.com\/wp-content\/uploads\/2011\/12\/CORRO-70-PDF_08.pdf\" target=\"_blank\">P\u00e1g_08: REGI\u00d3N: Efectos de la crisis en Castilla-La Mancha.<\/a><\/p>\n<p><a href=\"http:\/\/www.colegioluissolana.com\/wp-content\/uploads\/2011\/12\/CORRO-70-PDF_09.pdf\" target=\"_blank\">P\u00e1g_09: PA\u00cdS: Elecciones 20-N.<\/a><\/p>\n<p><a href=\"http:\/\/www.colegioluissolana.com\/wp-content\/uploads\/2011\/12\/CORRO-70-PDF_10.pdf\" target=\"_blank\">P\u00e1g_10: MUNDO: La crisis del euro.<\/a><\/p>\n<p><a href=\"http:\/\/www.colegioluissolana.com\/wp-content\/uploads\/2011\/12\/CORRO-70-PDF_11.pdf\" target=\"_blank\">P\u00e1g_11: LOS PEQUES_INF. 3 A\u00d1OS: Los tres cerditos.<\/a><\/p>\n<p><a href=\"http:\/\/www.colegioluissolana.com\/wp-content\/uploads\/2011\/12\/CORRO-70-PDF_12.pdf\" target=\"_blank\">P\u00e1g_12: LOS PEQUES_INF. 4 A\u00d1OS: La casita de chocolate.<\/a><\/p>\n<p><a href=\"http:\/\/www.colegioluissolana.com\/wp-content\/uploads\/2011\/12\/CORRO-70-PDF_13.pdf\" target=\"_blank\">P\u00e1g_13: LOS PEQUES_INF. 5 A\u00d1OS: El ratoncito P\u00e9rez.<\/a><\/p>\n<p><a href=\"http:\/\/www.colegioluissolana.com\/wp-content\/uploads\/2011\/12\/CORRO-70-PDF_14.pdf\" target=\"_blank\">P\u00e1g_14: LOS PEQUES_1\u00ba DE PRIM.: En la Granja-Escuela.<\/a><\/p>\n<p><a href=\"http:\/\/www.colegioluissolana.com\/wp-content\/uploads\/2011\/12\/CORRO-70-PDF_15.pdf\" target=\"_blank\">P\u00e1g_15: LOS PEQUES_2\u00ba DE PRIM.: El sue\u00f1o del gusano.<\/a><\/p>\n<p><a href=\"http:\/\/www.colegioluissolana.com\/wp-content\/uploads\/2011\/12\/CORRO-70-PDF_16.pdf\" target=\"_blank\">P\u00e1g_16: ENGLISH CORNER: From September&#8217;11 to December&#8217;11.<\/a><\/p>\n<p><a href=\"http:\/\/www.colegioluissolana.com\/wp-content\/uploads\/2011\/12\/CORRO-70-PDF_17.pdf\" target=\"_blank\">P\u00e1g_17: POEMAS: Villancicos para zambomba.<\/a><\/p>\n<p><a href=\"http:\/\/www.colegioluissolana.com\/wp-content\/uploads\/2011\/12\/CORRO-70-PDF_18.pdf\" target=\"_blank\">P\u00e1g_18: BUZ\u00d3N: Carta de la AMPA.<\/a><\/p>\n<p><a href=\"http:\/\/www.colegioluissolana.com\/wp-content\/uploads\/2011\/12\/CORRO-70-PDF_19.pdf\" target=\"_blank\">P\u00e1g_19: RECOMENDADOS: Para que leas.<\/a><\/p>\n<p><a href=\"http:\/\/www.colegioluissolana.com\/wp-content\/uploads\/2011\/12\/CORRO-70-PDF_20.pdf\" target=\"_blank\">P\u00e1g_20: ENTREVISTA: Rebeca, Directora del IESO de M\u00e9ntrida.<\/a><\/p>\n<p><a href=\"http:\/\/www.colegioluissolana.com\/wp-content\/uploads\/2011\/12\/CORRO-70-PDF_21.pdf\" target=\"_blank\">P\u00e1g_21: PASATIEMPOS: Sopita de Navidad.<\/a><\/p>\n<p><a href=\"http:\/\/www.colegioluissolana.com\/wp-content\/uploads\/2011\/12\/CORRO-70-PDF_22.pdf\" target=\"_blank\">P\u00e1g_22: HUMOR<\/a><\/p>\n<p><a href=\"http:\/\/www.colegioluissolana.com\/wp-content\/uploads\/2011\/12\/CORRO-70-PDF_23.pdf\" target=\"_blank\">P\u00e1g_23: CONTRAPORTADA: Feliz Navidad.<\/a><\/p>\n","protected":false},"excerpt":{"rendered":"<p>PORTADA_00 P\u00e1g_01: Actualidad gr\u00e1fica P\u00e1g_02: Editorial P\u00e1g_03: ACTUALIDAD: Erupci\u00f3n en el Hierro P\u00e1g_04: BREVES: Pas\u00f3 en el primer trimestre. P\u00e1g_05: TEMAS: Un deseo para Navidad. P\u00e1g_06:ESCUELA: 70 n\u00fameros de El Corro. P\u00e1g_07: PUEBLO: La recogida de residuos s\u00f3lidos urbanos. P\u00e1g_08: &hellip; <a href=\"https:\/\/www.colegioluissolana.com\/?page_id=3109\">Sigue leyendo <span class=\"meta-nav\">&rarr;<\/span><\/a><\/p>\n","protected":false},"author":7,"featured_media":0,"parent":125,"menu_order":0,"comment_status":"closed","ping_status":"open","template":"","meta":[],"_links":{"self":[{"href":"https:\/\/www.colegioluissolana.com\/index.php?rest_route=\/wp\/v2\/pages\/3109"}],"collection":[{"href":"https:\/\/www.colegioluissolana.com\/index.php?rest_route=\/wp\/v2\/pages"}],"about":[{"href":"https:\/\/www.colegioluissolana.com\/index.php?rest_route=\/wp\/v2\/types\/page"}],"author":[{"embeddable":true,"href":"https:\/\/www.colegioluissolana.com\/index.php?rest_route=\/wp\/v2\/users\/7"}],"replies":[{"embeddable":true,"href":"https:\/\/www.colegioluissolana.com\/index.php?rest_route=%2Fwp%2Fv2%2Fcomments&post=3109"}],"version-history":[{"count":6,"href":"https:\/\/www.colegioluissolana.com\/index.php?rest_route=\/wp\/v2\/pages\/3109\/revisions"}],"predecessor-version":[{"id":3139,"href":"https:\/\/www.colegioluissolana.com\/index.php?rest_route=\/wp\/v2\/pages\/3109\/revisions\/3139"}],"up":[{"embeddable":true,"href":"https:\/\/www.colegioluissolana.com\/index.php?rest_route=\/wp\/v2\/pages\/125"}],"wp:attachment":[{"href":"https:\/\/www.colegioluissolana.com\/index.php?rest_route=%2Fwp%2Fv2%2Fmedia&parent=3109"}],"curies":[{"name":"wp","href":"https:\/\/api.w.org\/{rel}","templated":true}]}}