{"id":3320,"date":"2012-03-23T13:26:00","date_gmt":"2012-03-23T12:26:00","guid":{"rendered":"http:\/\/www.colegioluissolana.com\/?page_id=3320"},"modified":"2012-03-23T15:49:06","modified_gmt":"2012-03-23T14:49:06","slug":"el-corro-no-71","status":"publish","type":"page","link":"https:\/\/www.colegioluissolana.com\/?page_id=3320","title":{"rendered":"El Corro n\u00ba 71"},"content":{"rendered":"<p><a href=\"http:\/\/www.colegioluissolana.com\/wp-content\/uploads\/2012\/03\/00_71.pdf\" target=\"_blank\"><img loading=\"lazy\" class=\"alignleft  wp-image-3322\" title=\"Portada Corro 71\" src=\"http:\/\/www.colegioluissolana.com\/wp-content\/uploads\/2012\/03\/00_711-150x150.jpg\" alt=\"\" width=\"87\" height=\"87\" \/><\/a><a href=\"http:\/\/www.colegioluissolana.com\/wp-content\/uploads\/2012\/03\/02_71.pdf\" target=\"_blank\">Portada Corro_71<\/a><\/p>\n<p><a href=\"http:\/\/www.colegioluissolana.com\/wp-content\/uploads\/2012\/03\/01_71.pdf\" target=\"_blank\">P\u00e1gina 01_Fotos del 2\u00ba trimestre<\/a><\/p>\n<p><a href=\"http:\/\/www.colegioluissolana.com\/wp-content\/uploads\/2012\/03\/02_71.pdf\" target=\"_blank\">P\u00e1gina 02_Editorial<\/a><\/p>\n<p><a href=\"http:\/\/www.colegioluissolana.com\/wp-content\/uploads\/2012\/03\/03_71.pdf\" target=\"_blank\">P\u00e1gina 03_Actualidad: \u00abCarnaval Escolar: La vuelta al mundo\u00bb<\/a><\/p>\n<p><a href=\"http:\/\/www.colegioluissolana.com\/wp-content\/uploads\/2012\/03\/04_71.pdf\" target=\"_blank\">P\u00e1gina 04_BREVES: Pas\u00f3 en el 2\u00ba trimestre<\/a><\/p>\n<p><a href=\"http:\/\/www.colegioluissolana.com\/wp-content\/uploads\/2012\/03\/05_71.pdf\" target=\"_blank\">P\u00e1gina 05_TEMAS: Mi mejor compa\u00f1er@<\/a><\/p>\n<p><a href=\"http:\/\/www.colegioluissolana.com\/wp-content\/uploads\/2012\/03\/06_71.pdf\" target=\"_blank\">P\u00e1gina 06_ESCUELA: Nuestra escuela, campeona del &#8216;Juego Limpio&#8217;<\/a><\/p>\n<p><a href=\"http:\/\/www.colegioluissolana.com\/wp-content\/uploads\/2012\/03\/07_71.pdf\" target=\"_blank\">P\u00e1gina 07_PUEBLO: Los recortes llegan a nuestro pueblo<\/a><\/p>\n<p><a href=\"http:\/\/www.colegioluissolana.com\/wp-content\/uploads\/2012\/03\/08_71.pdf\" target=\"_blank\">P\u00e1gina 08_REGI\u00d3N: El Carnaval en Castilla-La Mancha<\/a><\/p>\n<p><a href=\"http:\/\/www.colegioluissolana.com\/wp-content\/uploads\/2012\/03\/09_71.pdf\" target=\"_blank\">P\u00e1gina 09_PA\u00cdS: El tesoro recuperado<\/a><\/p>\n<p><a href=\"http:\/\/www.colegioluissolana.com\/wp-content\/uploads\/2012\/03\/10_71.pdf\" target=\"_blank\">P\u00e1gina 10_MUNDO: Jamones &#8216;ib\u00e9ricos&#8217; chinos<\/a><\/p>\n<p><a href=\"http:\/\/www.colegioluissolana.com\/wp-content\/uploads\/2012\/03\/11_71b.pdf\" target=\"_blank\">P\u00e1gina 11_EL CORRO DE LOS PEQUES: D\u00eda de la Paz (Inf-3 a\u00f1os)<\/a><\/p>\n<p><a href=\"http:\/\/www.colegioluissolana.com\/wp-content\/uploads\/2012\/03\/12_71.pdf\" target=\"_blank\">P\u00e1gina 12_EL CORRO DE LOS PEQUES: Disfrazados (Inf &#8211; 4 a\u00f1os)<\/a><\/p>\n<p><a href=\"http:\/\/www.colegioluissolana.com\/wp-content\/uploads\/2012\/03\/13_71.pdf\" target=\"_blank\">P\u00e1gina 13_EL CORRO DE LOS PEQUES: En la granja-escuela Indiana (Inf.-5 a\u00f1os)<\/a><\/p>\n<p><a href=\"http:\/\/www.colegioluissolana.com\/wp-content\/uploads\/2012\/03\/14_71b.pdf\" target=\"_blank\">P\u00e1gina 14_EL CORRO DE LOS PEQUES: La vuelta al mundo (1\u00ba de Prim.)<\/a><\/p>\n<p><a href=\"http:\/\/www.colegioluissolana.com\/wp-content\/uploads\/2012\/03\/15_71.pdf\" target=\"_blank\">P\u00e1gina 15_EL CORRO DE LOS PEQUES: Libros fant\u00e1sticos (2\u00ba de Prim.)<\/a><\/p>\n<p><a href=\"http:\/\/www.colegioluissolana.com\/wp-content\/uploads\/2012\/03\/16_71.pdf\" target=\"_blank\">P\u00e1gina 16_ENGLISH CORNER: Different animals<\/a><\/p>\n<p><a href=\"http:\/\/www.colegioluissolana.com\/wp-content\/uploads\/2012\/03\/17_71.pdf\" target=\"_blank\">P\u00e1gina 17_POEMAS: Rimas variadas<\/a><\/p>\n<p><a href=\"http:\/\/www.colegioluissolana.com\/wp-content\/uploads\/2012\/03\/18_71.pdf\">P\u00e1gina 18_BUZ\u00d3N<\/a>:<a href=\"http:\/\/www.colegioluissolana.com\/wp-content\/uploads\/2012\/03\/18_71.pdf\" target=\"_blank\"> Carta de los padres<\/a><\/p>\n<p><a href=\"http:\/\/www.colegioluissolana.com\/wp-content\/uploads\/2012\/03\/19_71.pdf\" target=\"_blank\">P\u00e1gina 19_RECOMENDADOS: Libros para leer<\/a><\/p>\n<p><a href=\"http:\/\/www.colegioluissolana.com\/wp-content\/uploads\/2012\/03\/20_71.pdf\" target=\"_blank\">P\u00e1gina 20_ENTREVISTA: D. Diego Rguez. de Silva y Vel\u00e1zquez<\/a><\/p>\n<p><a href=\"http:\/\/www.colegioluissolana.com\/wp-content\/uploads\/2012\/03\/21_71.pdf\" target=\"_blank\">P\u00e1gina 21_PASATIEMPOS: Easter Word Search<\/a><\/p>\n<p><a href=\"http:\/\/www.colegioluissolana.com\/wp-content\/uploads\/2012\/03\/22_71.pdf\" target=\"_blank\">P\u00e1gina 22_HUMOR: Va de suegras&#8230;<\/a><\/p>\n<p><a href=\"http:\/\/www.colegioluissolana.com\/wp-content\/uploads\/2012\/03\/23_71.jpg\" target=\"_blank\"><img loading=\"lazy\" class=\"alignleft  wp-image-3361\" title=\"\" src=\"http:\/\/www.colegioluissolana.com\/wp-content\/uploads\/2012\/03\/23_71-150x150.jpg\" alt=\"\" width=\"150\" height=\"150\" \/><\/a><a href=\"http:\/\/www.colegioluissolana.com\/wp-content\/uploads\/2012\/03\/23_71b.pdf\" target=\"_blank\">CONTRAPORTADA: 2012, ann\u00e9e internationale de l&#8217;\u00e9nergie durable pour tous<\/a><\/p>\n<p>&nbsp;<\/p>\n<p>&nbsp;<\/p>\n<p>&nbsp;<\/p>\n<p>&nbsp;<\/p>\n<p>&nbsp;<\/p>\n<p>&nbsp;<\/p>\n<p>&nbsp;<\/p>\n<p><a href=\"http:\/\/www.colegioluissolana.com\/wp-content\/uploads\/2012\/03\/01_71.pdf\" target=\"_blank\">P\u00e1gina 01_Fotos del 2\u00ba trimestre<\/a><\/p>\n","protected":false},"excerpt":{"rendered":"<p>Portada Corro_71 P\u00e1gina 01_Fotos del 2\u00ba trimestre P\u00e1gina 02_Editorial P\u00e1gina 03_Actualidad: \u00abCarnaval Escolar: La vuelta al mundo\u00bb P\u00e1gina 04_BREVES: Pas\u00f3 en el 2\u00ba trimestre P\u00e1gina 05_TEMAS: Mi mejor compa\u00f1er@ P\u00e1gina 06_ESCUELA: Nuestra escuela, campeona del &#8216;Juego Limpio&#8217; P\u00e1gina 07_PUEBLO: Los &hellip; <a href=\"https:\/\/www.colegioluissolana.com\/?page_id=3320\">Sigue leyendo <span class=\"meta-nav\">&rarr;<\/span><\/a><\/p>\n","protected":false},"author":7,"featured_media":0,"parent":125,"menu_order":0,"comment_status":"closed","ping_status":"open","template":"","meta":[],"_links":{"self":[{"href":"https:\/\/www.colegioluissolana.com\/index.php?rest_route=\/wp\/v2\/pages\/3320"}],"collection":[{"href":"https:\/\/www.colegioluissolana.com\/index.php?rest_route=\/wp\/v2\/pages"}],"about":[{"href":"https:\/\/www.colegioluissolana.com\/index.php?rest_route=\/wp\/v2\/types\/page"}],"author":[{"embeddable":true,"href":"https:\/\/www.colegioluissolana.com\/index.php?rest_route=\/wp\/v2\/users\/7"}],"replies":[{"embeddable":true,"href":"https:\/\/www.colegioluissolana.com\/index.php?rest_route=%2Fwp%2Fv2%2Fcomments&post=3320"}],"version-history":[{"count":14,"href":"https:\/\/www.colegioluissolana.com\/index.php?rest_route=\/wp\/v2\/pages\/3320\/revisions"}],"predecessor-version":[{"id":3327,"href":"https:\/\/www.colegioluissolana.com\/index.php?rest_route=\/wp\/v2\/pages\/3320\/revisions\/3327"}],"up":[{"embeddable":true,"href":"https:\/\/www.colegioluissolana.com\/index.php?rest_route=\/wp\/v2\/pages\/125"}],"wp:attachment":[{"href":"https:\/\/www.colegioluissolana.com\/index.php?rest_route=%2Fwp%2Fv2%2Fmedia&parent=3320"}],"curies":[{"name":"wp","href":"https:\/\/api.w.org\/{rel}","templated":true}]}}