{"id":36,"date":"2007-11-06T17:47:44","date_gmt":"2007-11-06T15:47:44","guid":{"rendered":"http:\/\/www.colegioluissolana.com\/?page_id=36"},"modified":"2026-02-11T13:11:09","modified_gmt":"2026-02-11T12:11:09","slug":"comedor","status":"publish","type":"page","link":"https:\/\/www.colegioluissolana.com\/?page_id=36","title":{"rendered":"COMEDOR"},"content":{"rendered":"<p>En esta p\u00e1gina podr\u00e1s consultar los men\u00fas diarios, descargar la hoja de solicitud del servicio.<\/p>\n<p>Para el curso 2024\/2025, la empresa seleccionada por la Administraci\u00f3n para atender el servicio de comedor, es la empresa CENTRAL DE CATERING SERVICATERING S.L.<\/p>\n<p><a href=\"http:\/\/www.colegioluissolana.com\/wp-content\/uploads\/2023\/09\/INFORMACION-EMPRESA.pdf\" target=\"_blank\" rel=\"noopener\">INFORMACI\u00d3N EMPRESA<\/a><\/p>\n<p><a href=\"http:\/\/www.colegioluissolana.com\/wp-content\/uploads\/2025\/09\/CENTRAL.-COMUNICACION-RECIBOS-COLEGIOS-JCCM-2025-26.pdf\">CENTRAL. COMUNICACION RECIBOS COLEGIOS JCCM 2025-26<\/a><\/p>\n<p><a href=\"http:\/\/www.colegioluissolana.com\/wp-content\/uploads\/2023\/09\/AUTORIZACION-SALIDA-COMEDOR-23_24.pdf\" target=\"_blank\" rel=\"noopener\">AUTORIZACI\u00d3N SALIDA COMEDOR<\/a><\/p>\n<p><a href=\"http:\/\/www.colegioluissolana.com\/?page_id=37\">MEN\u00daS COMEDOR 25-26<\/a><\/p>\n<p><a href=\"http:\/\/www.colegioluissolana.com\/wp-content\/uploads\/2024\/12\/RECETA-COCIDO-MADRILENO.pdf\">RECETA COCIDO MADRILE\u00d1O<\/a><\/p>\n<p>La semana pasada se llev\u00f3 a cabo en el comedor un proyecto basado en concienciar a los comensales en la importancia de no desperdiciar comida. Como fue todo un \u00e9xito se les ha premiado con el siguiente diploma.<\/p>\n<p><a href=\"http:\/\/www.colegioluissolana.com\/wp-content\/uploads\/2026\/02\/DIPLOMA.pdf\">DIPLOMA<\/a><\/p>\n<p><span style=\"font-size: 12px; color: #fefef4; font-family: Georgia, Times New Roman, Times, serif; background-color: #232222;\"><a style=\"font-size: 14px; color: #f99705; font-family: Arial, Helvetica, sans-serif;\" href=\"http:\/\/www.colegioluissolana.com\/?page_id=28\">VOLVER A \u00abSERVICIOS\u00bb<\/a><\/span><\/p>\n","protected":false},"excerpt":{"rendered":"<p>En esta p\u00e1gina podr\u00e1s consultar los men\u00fas diarios, descargar la hoja de solicitud del servicio. Para el curso 2024\/2025, la empresa seleccionada por la Administraci\u00f3n para atender el servicio de comedor, es la empresa CENTRAL DE CATERING SERVICATERING S.L. INFORMACI\u00d3N &hellip; <a href=\"https:\/\/www.colegioluissolana.com\/?page_id=36\">Sigue leyendo <span class=\"meta-nav\">&rarr;<\/span><\/a><\/p>\n","protected":false},"author":7,"featured_media":0,"parent":28,"menu_order":1,"comment_status":"closed","ping_status":"open","template":"","meta":[],"_links":{"self":[{"href":"https:\/\/www.colegioluissolana.com\/index.php?rest_route=\/wp\/v2\/pages\/36"}],"collection":[{"href":"https:\/\/www.colegioluissolana.com\/index.php?rest_route=\/wp\/v2\/pages"}],"about":[{"href":"https:\/\/www.colegioluissolana.com\/index.php?rest_route=\/wp\/v2\/types\/page"}],"author":[{"embeddable":true,"href":"https:\/\/www.colegioluissolana.com\/index.php?rest_route=\/wp\/v2\/users\/7"}],"replies":[{"embeddable":true,"href":"https:\/\/www.colegioluissolana.com\/index.php?rest_route=%2Fwp%2Fv2%2Fcomments&post=36"}],"version-history":[{"count":51,"href":"https:\/\/www.colegioluissolana.com\/index.php?rest_route=\/wp\/v2\/pages\/36\/revisions"}],"predecessor-version":[{"id":12395,"href":"https:\/\/www.colegioluissolana.com\/index.php?rest_route=\/wp\/v2\/pages\/36\/revisions\/12395"}],"up":[{"embeddable":true,"href":"https:\/\/www.colegioluissolana.com\/index.php?rest_route=\/wp\/v2\/pages\/28"}],"wp:attachment":[{"href":"https:\/\/www.colegioluissolana.com\/index.php?rest_route=%2Fwp%2Fv2%2Fmedia&parent=36"}],"curies":[{"name":"wp","href":"https:\/\/api.w.org\/{rel}","templated":true}]}}