{"id":378,"date":"2008-06-18T12:15:55","date_gmt":"2008-06-18T11:15:55","guid":{"rendered":"http:\/\/www.colegioluissolana.com\/?page_id=378"},"modified":"2008-06-18T12:15:55","modified_gmt":"2008-06-18T11:15:55","slug":"corro-n%c2%ba-60","status":"publish","type":"page","link":"https:\/\/www.colegioluissolana.com\/?page_id=378","title":{"rendered":"CORRO N\u00ba 60"},"content":{"rendered":"<p>Nuestro querido Corro cumple ya 20 a\u00f1os, 60 n\u00fameros. Y, ya lo veis, est\u00e1 hecho un chaval&#8230;<\/p>\n<p><a href=\"http:\/\/www.colegioluissolana.com\/wp-content\/uploads\/2008\/06\/contracubierta60.pdf\" title=\"CONTRAPORTADA: Protegez l\u2019environnement!\">CONTRAPORTADA: Protegez l\u2019environnement!<\/a><\/p>\n<p><a target=\"_blank\" href=\"http:\/\/www.colegioluissolana.com\/wp-content\/uploads\/2008\/06\/cubierta60.pdf\" title=\"PORTADA\">0.\u00a0 PORTADA<\/a><\/p>\n<p><a href=\"http:\/\/www.colegioluissolana.com\/wp-content\/uploads\/2008\/06\/corro60-1.pdf\">1.\u00a0 EDITORIAL<\/a><\/p>\n<p><a target=\"_blank\" href=\"http:\/\/www.colegioluissolana.com\/wp-content\/uploads\/2008\/06\/corro60-2.pdf\" title=\"2. ACTUALIDAD: XX Semana Cultural.\">2. ACTUALIDAD: XX Semana Cultural.<\/a><\/p>\n<p><a target=\"_blank\" href=\"http:\/\/www.colegioluissolana.com\/wp-content\/uploads\/2008\/06\/corro60-3.pdf\" title=\"3. BREVES\">3. BREVES<\/a><\/p>\n<p><a target=\"_blank\" href=\"http:\/\/www.colegioluissolana.com\/wp-content\/uploads\/2008\/06\/corro60-4.pdf\" title=\"4. ESCUELA: Un mundo de colores.\">4. ESCUELA: Un mundo de colores.<\/a><\/p>\n<p><a target=\"_blank\" href=\"http:\/\/www.colegioluissolana.com\/wp-content\/uploads\/2008\/06\/corro60-5.pdf\" title=\"5. PUEBLO: C.F. M\u00e9ntrida.\">5. PUEBLO: C.F. M\u00e9ntrida.<\/a><\/p>\n<p><a target=\"_blank\" href=\"http:\/\/www.colegioluissolana.com\/wp-content\/uploads\/2008\/06\/corro60-6.pdf\" title=\"6. REGI\u00d3N: Personajes ilustres de Castilla-La Mancha (II)\">6. REGI\u00d3N: Personajes ilustres de Castilla-La Mancha (II)<\/a><\/p>\n<p><a target=\"_blank\" href=\"http:\/\/www.colegioluissolana.com\/wp-content\/uploads\/2008\/06\/corro60-7.pdf\" title=\"7. PA\u00cdS: Pinchazo de la burbuja inmobiliaria.\">7. PA\u00cdS: Pinchazo de la burbuja inmobiliaria.<\/a><\/p>\n<p><a target=\"_blank\" href=\"http:\/\/www.colegioluissolana.com\/wp-content\/uploads\/2008\/06\/corro60-8.pdf\" title=\"8. MUNDO: Terremoto en China.\">8. MUNDO: Terremoto en China.<\/a><\/p>\n<p><a target=\"_blank\" href=\"http:\/\/www.colegioluissolana.com\/wp-content\/uploads\/2008\/06\/corro60-9.pdf\" title=\"9. TEMAS: El futuro.\">9. TEMAS: El futuro.<\/a><\/p>\n<p><a target=\"_blank\" href=\"http:\/\/www.colegioluissolana.com\/wp-content\/uploads\/2008\/06\/corro60-10.pdf\" title=\"10. LOS PEQUES. INFANTIL-3 A\u00d1OS: Taller de cocina.\">10. LOS PEQUES. INFANTIL-3 A\u00d1OS: Taller de cocina.<\/a><\/p>\n<p><a target=\"_blank\" href=\"http:\/\/www.colegioluissolana.com\/wp-content\/uploads\/2008\/06\/corro60-11.pdf\" title=\"11. LOS PEQUES. INFANTIL-4 A\u00d1OS: I\u2019m hungry..\">11. LOS PEQUES. INFANTIL-4 A\u00d1OS: I\u2019m hungry..<\/a><\/p>\n<p><a target=\"_blank\" href=\"http:\/\/www.colegioluissolana.com\/wp-content\/uploads\/2008\/06\/corro60-12.pdf\" title=\"12. LOS PEQUES. INFANTIL-5 A\u00d1OS: La Pilocha.\">12. LOS PEQUES. INFANTIL-5 A\u00d1OS: La Pilocha.<\/a><\/p>\n<p><a target=\"_blank\" href=\"http:\/\/www.colegioluissolana.com\/wp-content\/uploads\/2008\/06\/corro60-13.pdf\">13. LOS PEQUES. 1ER. CURSO: Juegos tradicionales.<\/a><\/p>\n<p><a target=\"_blank\" href=\"http:\/\/www.colegioluissolana.com\/wp-content\/uploads\/2008\/06\/corro60-14.pdf\">14. LOS PEQUES. 2\u00ba CURSO: Tenemos ordenador.<\/a><\/p>\n<p><a target=\"_blank\" href=\"http:\/\/www.colegioluissolana.com\/wp-content\/uploads\/2008\/06\/corro60-15.pdf\" title=\"15. ENGLISH CORNER\">15. ENGLISH CORNER<\/a><\/p>\n<p><a target=\"_blank\" href=\"http:\/\/www.colegioluissolana.com\/wp-content\/uploads\/2008\/06\/corro60-16.pdf\">16. ENTREVISTA:<\/a><\/p>\n<p><a target=\"_blank\" href=\"http:\/\/www.colegioluissolana.com\/wp-content\/uploads\/2008\/06\/corro60-16.pdf\">\u00a0\u00a0\u00a0\u00a0\u00a0 Pablo D\u00edez. UNIS<\/a><\/p>\n<p><a target=\"_blank\" href=\"http:\/\/www.colegioluissolana.com\/wp-content\/uploads\/2008\/06\/corro60-17.pdf\" title=\"17. POEMAS\">17. POEMAS<\/a><\/p>\n<p><a target=\"_blank\" href=\"http:\/\/www.colegioluissolana.com\/wp-content\/uploads\/2008\/06\/corro60-18.pdf\" title=\"18. BUZ\u00d3N\">18. BUZ\u00d3N<\/a><\/p>\n<p><a target=\"_blank\" href=\"http:\/\/www.colegioluissolana.com\/wp-content\/uploads\/2008\/06\/corro60-19.pdf\" title=\"19. RECOMENDADOS\">19. RECOMENDADOS<\/a><\/p>\n<p><a target=\"_blank\" href=\"http:\/\/www.colegioluissolana.com\/wp-content\/uploads\/2008\/06\/corro60-20.pdf\" title=\"20. PASATIEMPOS\">20. PASATIEMPOS<\/a><\/p>\n<p><a target=\"_blank\" href=\"http:\/\/www.colegioluissolana.com\/wp-content\/uploads\/2008\/06\/corro60-21.pdf\" title=\"21. HUMOR\">21. HUMOR<\/a><\/p>\n<p><a target=\"_blank\" href=\"http:\/\/www.colegioluissolana.com\/wp-content\/uploads\/2008\/06\/corro60-22.pdf\" title=\"22. REPORTAJE\">22. REPORTAJE<\/a><\/p>\n<p><a href=\"http:\/\/www.colegioluissolana.com\/wp-content\/uploads\/2008\/06\/contracubierta60.pdf\" title=\"CONTRAPORTADA: Protegez l'environnement!\">CONTRAPORTADA: Protegez l&#8217;environnement!<\/a><\/p>\n<p><a target=\"_blank\" href=\"http:\/\/www.colegioluissolana.com\/wp-content\/uploads\/2008\/06\/corro60-22.pdf\" title=\"22. REPORTAJE\"><\/a><\/p>\n<p><a target=\"_blank\" href=\"http:\/\/www.colegioluissolana.com\/wp-content\/uploads\/2008\/06\/cubierta60.pdf\" title=\"PORTADA\"><\/a><\/p>\n","protected":false},"excerpt":{"rendered":"<p>Nuestro querido Corro cumple ya 20 a\u00f1os, 60 n\u00fameros. Y, ya lo veis, est\u00e1 hecho un chaval&#8230; CONTRAPORTADA: Protegez l\u2019environnement! 0.\u00a0 PORTADA 1.\u00a0 EDITORIAL 2. ACTUALIDAD: XX Semana Cultural. 3. BREVES 4. ESCUELA: Un mundo de colores. 5. PUEBLO: C.F. &hellip; <a href=\"https:\/\/www.colegioluissolana.com\/?page_id=378\">Sigue leyendo <span class=\"meta-nav\">&rarr;<\/span><\/a><\/p>\n","protected":false},"author":7,"featured_media":0,"parent":125,"menu_order":0,"comment_status":"closed","ping_status":"open","template":"","meta":[],"_links":{"self":[{"href":"https:\/\/www.colegioluissolana.com\/index.php?rest_route=\/wp\/v2\/pages\/378"}],"collection":[{"href":"https:\/\/www.colegioluissolana.com\/index.php?rest_route=\/wp\/v2\/pages"}],"about":[{"href":"https:\/\/www.colegioluissolana.com\/index.php?rest_route=\/wp\/v2\/types\/page"}],"author":[{"embeddable":true,"href":"https:\/\/www.colegioluissolana.com\/index.php?rest_route=\/wp\/v2\/users\/7"}],"replies":[{"embeddable":true,"href":"https:\/\/www.colegioluissolana.com\/index.php?rest_route=%2Fwp%2Fv2%2Fcomments&post=378"}],"version-history":[{"count":1,"href":"https:\/\/www.colegioluissolana.com\/index.php?rest_route=\/wp\/v2\/pages\/378\/revisions"}],"predecessor-version":[{"id":556,"href":"https:\/\/www.colegioluissolana.com\/index.php?rest_route=\/wp\/v2\/pages\/378\/revisions\/556"}],"up":[{"embeddable":true,"href":"https:\/\/www.colegioluissolana.com\/index.php?rest_route=\/wp\/v2\/pages\/125"}],"wp:attachment":[{"href":"https:\/\/www.colegioluissolana.com\/index.php?rest_route=%2Fwp%2Fv2%2Fmedia&parent=378"}],"curies":[{"name":"wp","href":"https:\/\/api.w.org\/{rel}","templated":true}]}}