{"id":4189,"date":"2013-10-22T14:24:23","date_gmt":"2013-10-22T13:24:23","guid":{"rendered":"http:\/\/www.colegioluissolana.com\/?page_id=4189"},"modified":"2023-11-14T11:39:29","modified_gmt":"2023-11-14T10:39:29","slug":"infantil","status":"publish","type":"page","link":"https:\/\/www.colegioluissolana.com\/?page_id=4189","title":{"rendered":"INFANTIL"},"content":{"rendered":"<p><strong><span style=\"color: #99cc00;\"><a style=\"color: #99cc00;\" href=\"http:\/\/www.colegioluissolana.com\/wp-content\/uploads\/2022\/09\/DECRETO-80_2022-CURRICULO-EDUCACION-INFANTIL.pdf\" target=\"_blank\" rel=\"noopener\">DECRETO 80_2022 CURR\u00cdCULO EDUCACI\u00d3N INFANTIL<\/a><\/span><\/strong><\/p>\n<p><a href=\"http:\/\/www.colegioluissolana.com\/wp-content\/uploads\/2023\/11\/EVALUACION-EN-INFANTIL-1.pdf\" target=\"_blank\" rel=\"noopener\">EVALUACI\u00d3N EN INFANTIL<\/a><\/p>\n<hr \/>\n<p>Enlaces para los pap\u00e1s que quieran trabajar en casa con <em>cuentos, <\/em><cite>juegos, fichas, canciones, acertijos, lectura, poes\u00eda, ingl\u00e9s, cine, Tv, espect\u00e1culos\u2026.<\/cite>:<\/p>\n<p><a href=\"http:\/\/www.cuentoscortos.com\/\" target=\"_blank\" rel=\"noopener\">http:\/\/www.cuentoscortos.com\/<\/a><\/p>\n<p><cite><a href=\"http:\/\/www.buscadorinfantil.com\/\">www.<b>buscadorinfantil<\/b>.com\/<\/a><\/cite><\/p>\n<p><cite><a href=\"http:\/\/www.elhuevodechocolate.com\/\">www.<b>elhuevodechocolate<\/b>.com\/<\/a><\/cite><\/p>\n<p><cite><a href=\"http:\/\/lamochililla.blogspot.com.es\/p\/seleccion-de-paginas-web-infantiles.html\">http:\/\/lamochililla.blogspot.com.es\/p\/seleccion-de-paginas-web-infantiles.html<\/a><\/cite><\/p>\n<hr \/>\n<h1 style=\"text-align: center;\"><strong><span style=\"color: #ff0000;\">RECREOS ACTIVOS<\/span><\/strong><\/h1>\n<p><img loading=\"lazy\" class=\"aligncenter size-full wp-image-10721\" src=\"http:\/\/www.colegioluissolana.com\/wp-content\/uploads\/2023\/11\/CARTEL_PAPIROFLEXIA.jpg\" alt=\"\" width=\"1755\" height=\"1241\" srcset=\"https:\/\/www.colegioluissolana.com\/wp-content\/uploads\/2023\/11\/CARTEL_PAPIROFLEXIA.jpg 1755w, https:\/\/www.colegioluissolana.com\/wp-content\/uploads\/2023\/11\/CARTEL_PAPIROFLEXIA-300x212.jpg 300w, https:\/\/www.colegioluissolana.com\/wp-content\/uploads\/2023\/11\/CARTEL_PAPIROFLEXIA-1024x724.jpg 1024w, https:\/\/www.colegioluissolana.com\/wp-content\/uploads\/2023\/11\/CARTEL_PAPIROFLEXIA-768x543.jpg 768w, https:\/\/www.colegioluissolana.com\/wp-content\/uploads\/2023\/11\/CARTEL_PAPIROFLEXIA-1536x1086.jpg 1536w\" sizes=\"(max-width: 1755px) 100vw, 1755px\" \/><\/p>\n<h1><\/h1>\n","protected":false},"excerpt":{"rendered":"<p>DECRETO 80_2022 CURR\u00cdCULO EDUCACI\u00d3N INFANTIL EVALUACI\u00d3N EN INFANTIL Enlaces para los pap\u00e1s que quieran trabajar en casa con cuentos, juegos, fichas, canciones, acertijos, lectura, poes\u00eda, ingl\u00e9s, cine, Tv, espect\u00e1culos\u2026.: http:\/\/www.cuentoscortos.com\/ www.buscadorinfantil.com\/ www.elhuevodechocolate.com\/ http:\/\/lamochililla.blogspot.com.es\/p\/seleccion-de-paginas-web-infantiles.html RECREOS ACTIVOS<\/p>\n","protected":false},"author":7,"featured_media":0,"parent":33,"menu_order":3,"comment_status":"closed","ping_status":"open","template":"","meta":[],"_links":{"self":[{"href":"https:\/\/www.colegioluissolana.com\/index.php?rest_route=\/wp\/v2\/pages\/4189"}],"collection":[{"href":"https:\/\/www.colegioluissolana.com\/index.php?rest_route=\/wp\/v2\/pages"}],"about":[{"href":"https:\/\/www.colegioluissolana.com\/index.php?rest_route=\/wp\/v2\/types\/page"}],"author":[{"embeddable":true,"href":"https:\/\/www.colegioluissolana.com\/index.php?rest_route=\/wp\/v2\/users\/7"}],"replies":[{"embeddable":true,"href":"https:\/\/www.colegioluissolana.com\/index.php?rest_route=%2Fwp%2Fv2%2Fcomments&post=4189"}],"version-history":[{"count":13,"href":"https:\/\/www.colegioluissolana.com\/index.php?rest_route=\/wp\/v2\/pages\/4189\/revisions"}],"predecessor-version":[{"id":10731,"href":"https:\/\/www.colegioluissolana.com\/index.php?rest_route=\/wp\/v2\/pages\/4189\/revisions\/10731"}],"up":[{"embeddable":true,"href":"https:\/\/www.colegioluissolana.com\/index.php?rest_route=\/wp\/v2\/pages\/33"}],"wp:attachment":[{"href":"https:\/\/www.colegioluissolana.com\/index.php?rest_route=%2Fwp%2Fv2%2Fmedia&parent=4189"}],"curies":[{"name":"wp","href":"https:\/\/api.w.org\/{rel}","templated":true}]}}