{"id":560,"date":"2008-12-15T16:25:27","date_gmt":"2008-12-15T15:25:27","guid":{"rendered":"http:\/\/www.colegioluissolana.com\/?page_id=560"},"modified":"2008-12-17T11:07:41","modified_gmt":"2008-12-17T10:07:41","slug":"corro-n%c2%ba-61","status":"publish","type":"page","link":"https:\/\/www.colegioluissolana.com\/?page_id=560","title":{"rendered":"CORRO N\u00ba 61"},"content":{"rendered":"<p>En los enlaces que aparecen a continuaci\u00f3n podr\u00e1s descargarte, p\u00e1gina a p\u00e1gina, el n\u00ba 61 de nuestro peri\u00f3dico escolar El Corro de M\u00e9ntrida:<\/p>\n<p><a href=\"http:\/\/www.colegioluissolana.com\/wp-content\/uploads\/2008\/12\/portada1.pdf\" target=\"_blank\">PORTADA<\/a><\/p>\n<p><a href=\"http:\/\/www.colegioluissolana.com\/wp-content\/uploads\/2008\/12\/pagina1.pdf\" target=\"_blank\">P\u00e1gina 1. EDITORIAL.<\/a><\/p>\n<p><a href=\"http:\/\/www.colegioluissolana.com\/wp-content\/uploads\/2008\/12\/pagina2.pdf\" target=\"_blank\">P\u00e1gina 2. ACTUALIDAD: Elecciones al Consejo Escolar. El colegio, Secci\u00f3n Europea.<\/a><a href=\"http:\/\/www.colegioluissolana.com\/wp-content\/uploads\/2008\/12\/pagina3.pdf\" target=\"_blank\"><\/a><\/p>\n<p><a href=\"http:\/\/www.colegioluissolana.com\/wp-content\/uploads\/2008\/12\/pagina3.pdf\" target=\"_blank\">P\u00e1gina 3. BREVES.\u00a0<\/a><\/p>\n<p><a href=\"http:\/\/www.colegioluissolana.com\/wp-content\/uploads\/2008\/12\/pagina4.pdf\" target=\"_blank\">P\u00e1gina 4. ESCUELA: Reforma del edificio antiguo.<\/a><\/p>\n<p><a href=\"http:\/\/www.colegioluissolana.com\/wp-content\/uploads\/2008\/12\/pagina5.pdf\" target=\"_blank\">P\u00e1gina 5. PUEBLO: La biblioteca municipal.<\/a><\/p>\n<p><a href=\"http:\/\/www.colegioluissolana.com\/wp-content\/uploads\/2008\/12\/pagina6.pdf\" target=\"_blank\">P\u00e1gina 6. REGI\u00d3N: Inversiones en Educaci\u00f3n.<\/a><\/p>\n<p><a href=\"http:\/\/www.colegioluissolana.com\/wp-content\/uploads\/2008\/12\/pagina7.pdf\" target=\"_blank\">P\u00e1gina 7. PA\u00cdS: La crisis en Espa\u00f1a.<\/a><\/p>\n<p><a href=\"http:\/\/www.colegioluissolana.com\/wp-content\/uploads\/2008\/12\/pagina8.pdf\" target=\"_blank\">P\u00e1gina 8. MUNDO: Hambre en el mundo.<\/a><\/p>\n<p><a href=\"http:\/\/www.colegioluissolana.com\/wp-content\/uploads\/2008\/12\/pagina9.pdf\" target=\"_blank\">P\u00e1gina 9. TEMAS: La Navidad como me gustar\u00eda que fuera.<\/a><\/p>\n<p><a href=\"http:\/\/www.colegioluissolana.com\/wp-content\/uploads\/2008\/12\/pagina10.pdf\" target=\"_blank\"><span style=\"text-decoration: underline;\"><span style=\"color: #ffcc99;\">P\u00e1gina 10<\/span><\/span>. LOS PEQUES: Infantil &#8211; 3 a\u00f1os.<\/a><\/p>\n<p><a href=\"http:\/\/www.colegioluissolana.com\/wp-content\/uploads\/2008\/12\/pagina11.pdf\" target=\"_blank\">P\u00e1gina 11<span style=\"text-decoration: underline;\"><span style=\"color: #ffcc99;\">. LOS PEQUES: Infantil &#8211;\u00a04 a\u00f1os.<\/span><\/span><\/a><\/p>\n<p><a href=\"http:\/\/www.colegioluissolana.com\/wp-content\/uploads\/2008\/12\/pagina12.pdf\" target=\"_blank\">P\u00e1gina 12. LOS PEQUES: Infantil &#8211; 5 a\u00f1os.<\/a><\/p>\n<p><a href=\"http:\/\/www.colegioluissolana.com\/wp-content\/uploads\/2008\/12\/pagina13.pdf\" target=\"_blank\">P\u00e1gina 13. LOS PEQUES: 1\u00ba de Primaria.<\/a><\/p>\n<p><a href=\"http:\/\/www.colegioluissolana.com\/wp-content\/uploads\/2008\/12\/pagina14.pdf\" target=\"_blank\">P\u00e1gina 14. LOS PEQUES: 2\u00ba de Primaria.<\/a><\/p>\n<p><a href=\"http:\/\/www.colegioluissolana.com\/wp-content\/uploads\/2008\/12\/pagina15.pdf\" target=\"_blank\">P\u00e1gina 15. ENGLISH CORNER.<\/a><\/p>\n<p><a href=\"http:\/\/www.colegioluissolana.com\/wp-content\/uploads\/2008\/12\/pagina16.pdf\" target=\"_blank\">P\u00e1gina 16. ENTREVISTA: Cliff Godbold.<\/a><\/p>\n<p><a href=\"http:\/\/www.colegioluissolana.com\/wp-content\/uploads\/2008\/12\/pagina17.pdf\" target=\"_blank\"><span style=\"text-decoration: underline;\"><span style=\"color: #ffcc99;\">P\u00e1gina 17<\/span><\/span>. POEMAS.<\/a><\/p>\n<p><a href=\"http:\/\/www.colegioluissolana.com\/wp-content\/uploads\/2008\/12\/pagina18.pdf\" target=\"_blank\"><span style=\"text-decoration: underline;\"><span style=\"color: #ffcc99;\">P\u00e1gina 18<\/span><\/span>. BUZ\u00d3N: Carta de los padres.<\/a><\/p>\n<p><a href=\"http:\/\/www.colegioluissolana.com\/wp-content\/uploads\/2008\/12\/pagina19.pdf\" target=\"_blank\">P\u00e1gina 19. RECOMENDADOS.<\/a><\/p>\n<p><a href=\"http:\/\/www.colegioluissolana.com\/wp-content\/uploads\/2008\/12\/pagina20.pdf\" target=\"_blank\"><span style=\"color: #ffcc99;\"><span style=\"text-decoration: underline;\">P\u00e1gina 20<\/span>.<\/span> PASATIEMPOS.\u00a0<\/a><\/p>\n<p><a href=\"http:\/\/www.colegioluissolana.com\/wp-content\/uploads\/2008\/12\/pagina211.pdf\" target=\"_blank\">P\u00e1gina 21. HUMOR.<\/a><\/p>\n<p><a href=\"http:\/\/www.colegioluissolana.com\/wp-content\/uploads\/2008\/12\/pagina22.pdf\" target=\"_blank\">P\u00e1gina 22. REPORTAJE FOTOGR\u00c1FICO.<\/a><\/p>\n<p><a href=\"http:\/\/www.colegioluissolana.com\/wp-content\/uploads\/2008\/12\/contraportada1.pdf\" target=\"_blank\">contraportada<\/a><\/p>\n","protected":false},"excerpt":{"rendered":"<p>En los enlaces que aparecen a continuaci\u00f3n podr\u00e1s descargarte, p\u00e1gina a p\u00e1gina, el n\u00ba 61 de nuestro peri\u00f3dico escolar El Corro de M\u00e9ntrida: PORTADA P\u00e1gina 1. EDITORIAL. P\u00e1gina 2. ACTUALIDAD: Elecciones al Consejo Escolar. El colegio, Secci\u00f3n Europea. P\u00e1gina 3. &hellip; <a href=\"https:\/\/www.colegioluissolana.com\/?page_id=560\">Sigue leyendo <span class=\"meta-nav\">&rarr;<\/span><\/a><\/p>\n","protected":false},"author":7,"featured_media":0,"parent":125,"menu_order":0,"comment_status":"closed","ping_status":"open","template":"","meta":[],"_links":{"self":[{"href":"https:\/\/www.colegioluissolana.com\/index.php?rest_route=\/wp\/v2\/pages\/560"}],"collection":[{"href":"https:\/\/www.colegioluissolana.com\/index.php?rest_route=\/wp\/v2\/pages"}],"about":[{"href":"https:\/\/www.colegioluissolana.com\/index.php?rest_route=\/wp\/v2\/types\/page"}],"author":[{"embeddable":true,"href":"https:\/\/www.colegioluissolana.com\/index.php?rest_route=\/wp\/v2\/users\/7"}],"replies":[{"embeddable":true,"href":"https:\/\/www.colegioluissolana.com\/index.php?rest_route=%2Fwp%2Fv2%2Fcomments&post=560"}],"version-history":[{"count":20,"href":"https:\/\/www.colegioluissolana.com\/index.php?rest_route=\/wp\/v2\/pages\/560\/revisions"}],"predecessor-version":[{"id":571,"href":"https:\/\/www.colegioluissolana.com\/index.php?rest_route=\/wp\/v2\/pages\/560\/revisions\/571"}],"up":[{"embeddable":true,"href":"https:\/\/www.colegioluissolana.com\/index.php?rest_route=\/wp\/v2\/pages\/125"}],"wp:attachment":[{"href":"https:\/\/www.colegioluissolana.com\/index.php?rest_route=%2Fwp%2Fv2%2Fmedia&parent=560"}],"curies":[{"name":"wp","href":"https:\/\/api.w.org\/{rel}","templated":true}]}}