{"id":773,"date":"2009-03-24T09:57:13","date_gmt":"2009-03-24T08:57:13","guid":{"rendered":"http:\/\/www.colegioluissolana.com\/?page_id=773"},"modified":"2009-03-24T09:57:13","modified_gmt":"2009-03-24T08:57:13","slug":"corro-n%c2%ba-62","status":"publish","type":"page","link":"https:\/\/www.colegioluissolana.com\/?page_id=773","title":{"rendered":"CORRO N\u00ba 62"},"content":{"rendered":"<p>A continuaci\u00f3n aparecen los enlaces con las p\u00e1ginas del Corro n\u00ba 62:<\/p>\n<p><a href=\"http:\/\/www.colegioluissolana.com\/wp-content\/uploads\/2009\/03\/62_00portada.pdf\" target=\"_blank\">PORTADA<\/a><\/p>\n<p><a href=\"http:\/\/www.colegioluissolana.com\/wp-content\/uploads\/2009\/03\/62_01_editorial.pdf\" target=\"_blank\">P\u00e1gina 1: Editorial<\/a><\/p>\n<p><a href=\"http:\/\/www.colegioluissolana.com\/wp-content\/uploads\/2009\/03\/62_02_actualidad.pdf\" target=\"_blank\">P\u00e1gina 2: Actualidad: Carnavales Luis Solana.<\/a><\/p>\n<p><a href=\"http:\/\/www.colegioluissolana.com\/wp-content\/uploads\/2009\/03\/62_03.pdf\" target=\"_blank\">P\u00e1gina 3: Noticias breves.<\/a><\/p>\n<p><a href=\"http:\/\/www.colegioluissolana.com\/wp-content\/uploads\/2009\/03\/62_04.pdf\" target=\"_blank\">P\u00e1gina 4: Nuestra Escuela: El conserje.<\/a><\/p>\n<p><a href=\"http:\/\/www.colegioluissolana.com\/wp-content\/uploads\/2009\/03\/62_05.pdf\" target=\"_blank\">P\u00e1gina 5: Nuestro Pueblo: Reforma de calles.<\/a><\/p>\n<p><a href=\"http:\/\/www.colegioluissolana.com\/wp-content\/uploads\/2009\/03\/62_06.pdf\" target=\"_blank\">P\u00e1gina 6: Nuestra Regi\u00f3n: Rutas tur\u00edsticas_La ruta del Quijote.<\/a><\/p>\n<p><a href=\"http:\/\/www.colegioluissolana.com\/wp-content\/uploads\/2009\/03\/62_07.pdf\" target=\"_blank\">P\u00e1gina 7: Pa\u00eds: El paro en Espa\u00f1a.<\/a><\/p>\n<p><a href=\"http:\/\/www.colegioluissolana.com\/wp-content\/uploads\/2009\/03\/62_08.pdf\" target=\"_blank\">P\u00e1gina 8: Mundo: Obama, Presidente.<\/a><\/p>\n<p><a href=\"http:\/\/www.colegioluissolana.com\/wp-content\/uploads\/2009\/03\/62_09.pdf\" target=\"_blank\">P\u00e1gina 9: Temas: La solidaridad frente a la crisis.<\/a><\/p>\n<p><a href=\"http:\/\/www.colegioluissolana.com\/wp-content\/uploads\/2009\/03\/62_10.pdf\" target=\"_blank\">P\u00e1gina 10: Los peques: Infantil-3 a\u00f1os.<\/a><\/p>\n<p><a href=\"http:\/\/www.colegioluissolana.com\/wp-content\/uploads\/2009\/03\/62_11.pdf\" target=\"_blank\">P\u00e1gina 11: Los peques: Infantil-4 a\u00f1os.<\/a><\/p>\n<p><a href=\"http:\/\/www.colegioluissolana.com\/wp-content\/uploads\/2009\/03\/62_12.pdf\" target=\"_blank\">P\u00e1gina 12: Infantil-5 a\u00f1os.<\/a><\/p>\n<p><a href=\"http:\/\/www.colegioluissolana.com\/wp-content\/uploads\/2009\/03\/62_13.pdf\" target=\"_blank\">P\u00e1gina 13: Los peques (1\u00ba y 2\u00ba): Science en Primer Ciclo.<\/a><\/p>\n<p><a href=\"http:\/\/www.colegioluissolana.com\/wp-content\/uploads\/2009\/03\/62_14.pdf\" target=\"_blank\">P\u00e1gina 14: Los peques (1\u00ba y 2\u00ba): Planetario de Madrid.<\/a><\/p>\n<p><a href=\"http:\/\/www.colegioluissolana.com\/wp-content\/uploads\/2009\/03\/62_15.pdf\" target=\"_blank\">P\u00e1gina 15: English Corner.<\/a><\/p>\n<p><a href=\"http:\/\/www.colegioluissolana.com\/wp-content\/uploads\/2009\/03\/62_16.pdf\" target=\"_blank\">P\u00e1gina 16: Entrevista: Santiago Montero.<\/a><\/p>\n<p><a href=\"http:\/\/www.colegioluissolana.com\/wp-content\/uploads\/2009\/03\/62_17.pdf\" target=\"_blank\">P\u00e1gina 17: Poemas: Chirigotas de Carnaval.<\/a><\/p>\n<p><a href=\"http:\/\/www.colegioluissolana.com\/wp-content\/uploads\/2009\/03\/62_18.pdf\" target=\"_blank\">P\u00e1gina 18: Buz\u00f3n: Carta de los padres.<\/a><\/p>\n<p><a href=\"http:\/\/www.colegioluissolana.com\/wp-content\/uploads\/2009\/03\/62_19.pdf\" target=\"_blank\">P\u00e1gina 19: Libros recomendados.<\/a><\/p>\n<p><a href=\"http:\/\/www.colegioluissolana.com\/wp-content\/uploads\/2009\/03\/62_20.pdf\" target=\"_blank\">P\u00e1gina 20: Pasatiempos: Diez diferencias.<\/a><\/p>\n<p><a href=\"http:\/\/www.colegioluissolana.com\/wp-content\/uploads\/2009\/03\/62_21.pdf\" target=\"_blank\">P\u00e1gina 21: Humor.<\/a><\/p>\n<p><a href=\"http:\/\/www.colegioluissolana.com\/wp-content\/uploads\/2009\/03\/62_22.pdf\" target=\"_blank\">P\u00e1gina 22: Reportaje: Dipu-integra.<\/a><\/p>\n<p><a href=\"http:\/\/www.colegioluissolana.com\/wp-content\/uploads\/2009\/03\/62_23contraportada.pdf\" target=\"_blank\">Contraportada: El agua, un bien escaso.<\/a><\/p>\n","protected":false},"excerpt":{"rendered":"<p>A continuaci\u00f3n aparecen los enlaces con las p\u00e1ginas del Corro n\u00ba 62: PORTADA P\u00e1gina 1: Editorial P\u00e1gina 2: Actualidad: Carnavales Luis Solana. P\u00e1gina 3: Noticias breves. P\u00e1gina 4: Nuestra Escuela: El conserje. P\u00e1gina 5: Nuestro Pueblo: Reforma de calles. P\u00e1gina &hellip; <a href=\"https:\/\/www.colegioluissolana.com\/?page_id=773\">Sigue leyendo <span class=\"meta-nav\">&rarr;<\/span><\/a><\/p>\n","protected":false},"author":7,"featured_media":0,"parent":125,"menu_order":0,"comment_status":"closed","ping_status":"open","template":"","meta":[],"_links":{"self":[{"href":"https:\/\/www.colegioluissolana.com\/index.php?rest_route=\/wp\/v2\/pages\/773"}],"collection":[{"href":"https:\/\/www.colegioluissolana.com\/index.php?rest_route=\/wp\/v2\/pages"}],"about":[{"href":"https:\/\/www.colegioluissolana.com\/index.php?rest_route=\/wp\/v2\/types\/page"}],"author":[{"embeddable":true,"href":"https:\/\/www.colegioluissolana.com\/index.php?rest_route=\/wp\/v2\/users\/7"}],"replies":[{"embeddable":true,"href":"https:\/\/www.colegioluissolana.com\/index.php?rest_route=%2Fwp%2Fv2%2Fcomments&post=773"}],"version-history":[{"count":6,"href":"https:\/\/www.colegioluissolana.com\/index.php?rest_route=\/wp\/v2\/pages\/773\/revisions"}],"predecessor-version":[{"id":803,"href":"https:\/\/www.colegioluissolana.com\/index.php?rest_route=\/wp\/v2\/pages\/773\/revisions\/803"}],"up":[{"embeddable":true,"href":"https:\/\/www.colegioluissolana.com\/index.php?rest_route=\/wp\/v2\/pages\/125"}],"wp:attachment":[{"href":"https:\/\/www.colegioluissolana.com\/index.php?rest_route=%2Fwp%2Fv2%2Fmedia&parent=773"}],"curies":[{"name":"wp","href":"https:\/\/api.w.org\/{rel}","templated":true}]}}