{"id":8146,"date":"2020-10-28T20:55:31","date_gmt":"2020-10-28T19:55:31","guid":{"rendered":"http:\/\/www.colegioluissolana.com\/?page_id=8146"},"modified":"2021-05-03T15:26:16","modified_gmt":"2021-05-03T14:26:16","slug":"educamosclm","status":"publish","type":"page","link":"https:\/\/www.colegioluissolana.com\/?page_id=8146","title":{"rendered":"EDUCAMOS CLM"},"content":{"rendered":"\r\n<p>Accede a la nueva plataforma EducamosCLM, el nuevo entorno educativo que sustituir\u00e1 a Pap\u00e1s2.0<\/p>\r\n\r\n\r\n\r\n<figure class=\"wp-block-image size-large\"><\/figure>\r\n\r\n\r\n\r\n<p><img loading=\"lazy\" class=\"wp-image-8147 aligncenter\" src=\"http:\/\/www.colegioluissolana.com\/wp-content\/uploads\/2020\/10\/Acceso-a-EducamosCLM.png\" sizes=\"(max-width: 892px) 100vw, 892px\" srcset=\"http:\/\/www.colegioluissolana.com\/wp-content\/uploads\/2020\/10\/Acceso-a-EducamosCLM.png 892w, http:\/\/www.colegioluissolana.com\/wp-content\/uploads\/2020\/10\/Acceso-a-EducamosCLM-300x80.png 300w, http:\/\/www.colegioluissolana.com\/wp-content\/uploads\/2020\/10\/Acceso-a-EducamosCLM-768x205.png 768w\" alt=\"\" width=\"472\" height=\"126\" \/><\/p>\r\n<p><strong><a href=\"https:\/\/educamosclm.castillalamancha.es\/ayuda-acceso\" target=\"_blank\" rel=\"noreferrer noopener\">AYUDA PARA <\/a><\/strong><strong><a href=\"https:\/\/educamosclm.castillalamancha.es\/ayuda-acceso\" target=\"_blank\" rel=\"noreferrer noopener\">EL ACCESO A EDUCAMOS CLM<\/a><\/strong><\/p>\r\n\r\n\r\n\r\n<p><a href=\"https:\/\/educamosclm.castillalamancha.es\/preguntasfrecuentes\" target=\"_blank\" rel=\"noreferrer noopener\"><strong>PREGUNTAS FRECUENTES<\/strong><\/a><\/p>\r\n\r\n\r\n\r\n<p><a href=\"https:\/\/educamosclm.castillalamancha.es\/recuperacion-acceso\" target=\"_blank\" rel=\"noreferrer noopener\"><strong>RECUPERACI\u00d3N DE CONTRASE\u00d1AS<\/strong><\/a><\/p>\r\n\r\n\r\n\r\n<p>&nbsp;<\/p>\r\n","protected":false},"excerpt":{"rendered":"<p>Accede a la nueva plataforma EducamosCLM, el nuevo entorno educativo que sustituir\u00e1 a Pap\u00e1s2.0 AYUDA PARA EL ACCESO A EDUCAMOS CLM PREGUNTAS FRECUENTES RECUPERACI\u00d3N DE CONTRASE\u00d1AS &nbsp;<\/p>\n","protected":false},"author":22,"featured_media":0,"parent":0,"menu_order":11,"comment_status":"closed","ping_status":"closed","template":"","meta":[],"_links":{"self":[{"href":"https:\/\/www.colegioluissolana.com\/index.php?rest_route=\/wp\/v2\/pages\/8146"}],"collection":[{"href":"https:\/\/www.colegioluissolana.com\/index.php?rest_route=\/wp\/v2\/pages"}],"about":[{"href":"https:\/\/www.colegioluissolana.com\/index.php?rest_route=\/wp\/v2\/types\/page"}],"author":[{"embeddable":true,"href":"https:\/\/www.colegioluissolana.com\/index.php?rest_route=\/wp\/v2\/users\/22"}],"replies":[{"embeddable":true,"href":"https:\/\/www.colegioluissolana.com\/index.php?rest_route=%2Fwp%2Fv2%2Fcomments&post=8146"}],"version-history":[{"count":7,"href":"https:\/\/www.colegioluissolana.com\/index.php?rest_route=\/wp\/v2\/pages\/8146\/revisions"}],"predecessor-version":[{"id":8786,"href":"https:\/\/www.colegioluissolana.com\/index.php?rest_route=\/wp\/v2\/pages\/8146\/revisions\/8786"}],"wp:attachment":[{"href":"https:\/\/www.colegioluissolana.com\/index.php?rest_route=%2Fwp%2Fv2%2Fmedia&parent=8146"}],"curies":[{"name":"wp","href":"https:\/\/api.w.org\/{rel}","templated":true}]}}