{"id":82,"date":"2007-11-18T00:41:48","date_gmt":"2007-11-17T23:41:48","guid":{"rendered":"http:\/\/www.colegioluissolana.com\/?page_id=82"},"modified":"2023-09-01T21:49:32","modified_gmt":"2023-09-01T20:49:32","slug":"actividades-extraescolares","status":"publish","type":"page","link":"https:\/\/www.colegioluissolana.com\/?page_id=82","title":{"rendered":"ACTIVIDADES EXTRAESCOLARES"},"content":{"rendered":"<p style=\"font-size: 14px; font-family: Arial, Helvetica, sans-serif;\"><span style=\"color: #993366;\"><strong>La Asociaci\u00f3n de Madres y Padres de Alumnos del Colegio (AMPA) y el Ayuntamiento,\u00a0 ponen a disposici\u00f3n de \u00a0la Comunidad Educativa una amplia variedad de actividades extraescolares. Para conocer todas las actividades haz clic en el siguiente enlace:<\/strong><\/span><\/p>\n<h1 style=\"text-align: center;\"><strong><span style=\"color: #ff0000;\">AMPA<\/span><\/strong><\/h1>\n<p><a href=\"http:\/\/www.colegioluissolana.com\/wp-content\/uploads\/2023\/09\/FICHA_DE_INSCRIPCION_MENTRIDA_LUIS_SOLANA_2023.pdf\" target=\"_blank\" rel=\"noopener\">FICHA_DE_INSCRIPCION_MENTRIDA_LUIS_SOLANA_2023<\/a><\/p>\n<p>&nbsp;<\/p>\n<h1><\/h1>\n<h1 style=\"text-align: center;\"><strong><span style=\"color: #ff0000;\">AYUNTAMIENTO<\/span><\/strong><\/h1>\n<p><img loading=\"lazy\" class=\"aligncenter wp-image-10490\" src=\"http:\/\/www.colegioluissolana.com\/wp-content\/uploads\/2023\/08\/CARTEL-LUDOTECA-CURSO-23-24.jpg\" alt=\"\" width=\"511\" height=\"723\" srcset=\"https:\/\/www.colegioluissolana.com\/wp-content\/uploads\/2023\/08\/CARTEL-LUDOTECA-CURSO-23-24.jpg 1080w, https:\/\/www.colegioluissolana.com\/wp-content\/uploads\/2023\/08\/CARTEL-LUDOTECA-CURSO-23-24-212x300.jpg 212w, https:\/\/www.colegioluissolana.com\/wp-content\/uploads\/2023\/08\/CARTEL-LUDOTECA-CURSO-23-24-724x1024.jpg 724w, https:\/\/www.colegioluissolana.com\/wp-content\/uploads\/2023\/08\/CARTEL-LUDOTECA-CURSO-23-24-768x1086.jpg 768w\" sizes=\"(max-width: 511px) 100vw, 511px\" \/><\/p>\n<p style=\"text-align: center;\"><a href=\"http:\/\/www.colegioluissolana.com\/wp-content\/uploads\/2023\/09\/INSCRIPCION-LUDOTECA-23_24.pdf\" target=\"_blank\" rel=\"noopener\">INSCRIPCION LUDOTECA 23_24<\/a><\/p>\n<hr \/>\n<p>Nuestro Ayuntamiento se ha adscrito al Plan \u201cCorresponsables\u201d promovido por Castilla-La Mancha el cual tiene objetivo, entre otros, mejorar la conciliaci\u00f3n laboral y familiar.<\/p>\n<ul>\n<li><strong>Las familias interesadas deber\u00e1n contactar con el Ayuntamiento para solicitar este servicio y obtener m\u00e1s informaci\u00f3n.<\/strong><\/li>\n<\/ul>\n<ul>\n<li style=\"font-size: 14px; font-family: Arial, Helvetica, sans-serif;\"><a href=\"http:\/\/www.colegioluissolana.com\/?page_id=28\">Volver a Servicios<\/a><\/li>\n<\/ul>\n","protected":false},"excerpt":{"rendered":"<p>La Asociaci\u00f3n de Madres y Padres de Alumnos del Colegio (AMPA) y el Ayuntamiento,\u00a0 ponen a disposici\u00f3n de \u00a0la Comunidad Educativa una amplia variedad de actividades extraescolares. Para conocer todas las actividades haz clic en el siguiente enlace: AMPA FICHA_DE_INSCRIPCION_MENTRIDA_LUIS_SOLANA_2023 &hellip; <a href=\"https:\/\/www.colegioluissolana.com\/?page_id=82\">Sigue leyendo <span class=\"meta-nav\">&rarr;<\/span><\/a><\/p>\n","protected":false},"author":2,"featured_media":0,"parent":28,"menu_order":3,"comment_status":"closed","ping_status":"open","template":"","meta":[],"_links":{"self":[{"href":"https:\/\/www.colegioluissolana.com\/index.php?rest_route=\/wp\/v2\/pages\/82"}],"collection":[{"href":"https:\/\/www.colegioluissolana.com\/index.php?rest_route=\/wp\/v2\/pages"}],"about":[{"href":"https:\/\/www.colegioluissolana.com\/index.php?rest_route=\/wp\/v2\/types\/page"}],"author":[{"embeddable":true,"href":"https:\/\/www.colegioluissolana.com\/index.php?rest_route=\/wp\/v2\/users\/2"}],"replies":[{"embeddable":true,"href":"https:\/\/www.colegioluissolana.com\/index.php?rest_route=%2Fwp%2Fv2%2Fcomments&post=82"}],"version-history":[{"count":13,"href":"https:\/\/www.colegioluissolana.com\/index.php?rest_route=\/wp\/v2\/pages\/82\/revisions"}],"predecessor-version":[{"id":10501,"href":"https:\/\/www.colegioluissolana.com\/index.php?rest_route=\/wp\/v2\/pages\/82\/revisions\/10501"}],"up":[{"embeddable":true,"href":"https:\/\/www.colegioluissolana.com\/index.php?rest_route=\/wp\/v2\/pages\/28"}],"wp:attachment":[{"href":"https:\/\/www.colegioluissolana.com\/index.php?rest_route=%2Fwp%2Fv2%2Fmedia&parent=82"}],"curies":[{"name":"wp","href":"https:\/\/api.w.org\/{rel}","templated":true}]}}