{"id":8441,"date":"2021-02-01T14:37:43","date_gmt":"2021-02-01T13:37:43","guid":{"rendered":"http:\/\/www.colegioluissolana.com\/?page_id=8441"},"modified":"2026-02-18T17:32:24","modified_gmt":"2026-02-18T16:32:24","slug":"admision-de-alumnado-curso-2021-2022","status":"publish","type":"page","link":"https:\/\/www.colegioluissolana.com\/?page_id=8441","title":{"rendered":"ADMISI\u00d3N DE ALUMNADO CURSO 2025-2026"},"content":{"rendered":"\r\n<div class=\"wp-block-image\">\r\n<figure>\r\n<h2 style=\"text-align: center;\"><span style=\"color: #ff9900;\"><strong>Publicada la convocatoria para el curso 2026\/2027.<\/strong><\/span><img loading=\"lazy\" class=\"wp-image-12412 aligncenter\" src=\"http:\/\/www.colegioluissolana.com\/wp-content\/uploads\/2026\/02\/CartelAdmision2026_50x70-214x300.jpg\" alt=\"\" width=\"422\" height=\"591\" srcset=\"https:\/\/www.colegioluissolana.com\/wp-content\/uploads\/2026\/02\/CartelAdmision2026_50x70-214x300.jpg 214w, https:\/\/www.colegioluissolana.com\/wp-content\/uploads\/2026\/02\/CartelAdmision2026_50x70-731x1024.jpg 731w, https:\/\/www.colegioluissolana.com\/wp-content\/uploads\/2026\/02\/CartelAdmision2026_50x70-768x1075.jpg 768w, https:\/\/www.colegioluissolana.com\/wp-content\/uploads\/2026\/02\/CartelAdmision2026_50x70.jpg 1090w\" sizes=\"(max-width: 422px) 100vw, 422px\" \/><\/h2>\r\n<p style=\"text-align: center;\"><img loading=\"lazy\" class=\"alignnone wp-image-12411\" src=\"http:\/\/www.colegioluissolana.com\/wp-content\/uploads\/2026\/02\/CartelAdmision202_Calendario-212x300.jpg\" alt=\"\" width=\"416\" height=\"588\" srcset=\"https:\/\/www.colegioluissolana.com\/wp-content\/uploads\/2026\/02\/CartelAdmision202_Calendario-212x300.jpg 212w, https:\/\/www.colegioluissolana.com\/wp-content\/uploads\/2026\/02\/CartelAdmision202_Calendario-724x1024.jpg 724w, https:\/\/www.colegioluissolana.com\/wp-content\/uploads\/2026\/02\/CartelAdmision202_Calendario-768x1086.jpg 768w, https:\/\/www.colegioluissolana.com\/wp-content\/uploads\/2026\/02\/CartelAdmision202_Calendario-1086x1536.jpg 1086w, https:\/\/www.colegioluissolana.com\/wp-content\/uploads\/2026\/02\/CartelAdmision202_Calendario.jpg 1090w\" sizes=\"(max-width: 416px) 100vw, 416px\" \/><\/p>\r\n<p>La Consejer\u00eda de Educaci\u00f3n, Cultura y Deportes de la Junta de Comunidades de Castilla-La Mancha convoca anualmente el proceso de admisi\u00f3n de alumnado en centros docentes p\u00fablicos y privados concertados de \u00e1mbito no universitario.<\/p>\r\n<h2 style=\"text-align: center;\"><strong>PLAZO:<\/strong><\/h2>\r\n<p>Desde\u00a0<strong>23 de febrero de 2026<\/strong>\u00a0hasta el\u00a0<strong>09 de marzo de 2026<\/strong><\/p>\r\n<h2 style=\"text-align: center;\"><strong>QUI\u00c9N DEBE REALIZAR SOLICITUD DE ADMISI\u00d3N:<\/strong><\/h2>\r\n<ul>\r\n<li>Alumnado de nueva incorporaci\u00f3n al sistema educativo (3 a\u00f1os).<\/li>\r\n<li>Alumnado que para cambiar de etapa debe solicitar un centro distinto al actual (paso de un CEIP (6\u00ba primaria) a un IES y de un IESO a un IES).<\/li>\r\n<li>Alumnado que solicita un cambio de centro.<\/li>\r\n<li>Todo el alumnado que cursa 4\u00ba de ESO y solicita plaza escolar para 1\u00ba de Bachillerato, aunque quiera cursarlo en el mismo centro.<\/li>\r\n<\/ul>\r\n<h2 style=\"text-align: center;\"><strong>NO ES NECESARIO REALIZAR SOLICITUD DE ADMISI\u00d3N:<\/strong><\/h2>\r\n<p>Alumnado que pasa de curso en el mismo centro, excepto de 4\u00ba ESO a Bachillerato.<\/p>\r\n<p>Alumnado que est\u00e1 cursando tercer a\u00f1o del segundo ciclo de Educaci\u00f3n Infantil (5 a\u00f1os) y que van a iniciar el primer curso de Educaci\u00f3n Primaria en el mismo centro.<\/p>\r\n<p>Alumnado que vaya a cursar 1\u00ba de ESO en el centro en que est\u00e1n cursando sexto de Educaci\u00f3n Primaria.<\/p>\r\n<h2 style=\"text-align: center;\"><strong>TODA LA INFORMACI\u00d3N EN EL SIGUIENTE ENLACE<\/strong><\/h2>\r\n<p><a href=\"https:\/\/educacion.castillalamancha.es\/admision-de-alumnado\/obligatorias\">https:\/\/educacion.castillalamancha.es\/admision-de-alumnado\/obligatorias<\/a><\/p>\r\n<h2 style=\"text-align: center;\"><em><strong>Cualquier duda sobre el proceso, poneos en contacto con el centro en horario de 9:00 a 10:30h<\/strong><\/em><\/h2>\r\n<\/figure>\r\n<\/div>\r\n<p>&nbsp;<\/p>\r\n<p>&nbsp;<\/p>\r\n<div class=\"wp-block-image\">\r\n<figure class=\"aligncenter size-large is-resized\"><img loading=\"lazy\" class=\"aligncenter size-full wp-image-11649\" src=\"http:\/\/www.colegioluissolana.com\/wp-content\/uploads\/2025\/02\/CARTEL-ADMISION.jpg\" alt=\"\" width=\"400\" height=\"560\" srcset=\"https:\/\/www.colegioluissolana.com\/wp-content\/uploads\/2025\/02\/CARTEL-ADMISION.jpg 400w, https:\/\/www.colegioluissolana.com\/wp-content\/uploads\/2025\/02\/CARTEL-ADMISION-214x300.jpg 214w\" sizes=\"(max-width: 400px) 100vw, 400px\" \/><\/figure>\r\n<\/div>\r\n\r\n\r\n\r\n<p class=\"cmParagraph\">La Consejer\u00eda de Educaci\u00f3n, Cultura y Deportes de la Junta de Comunidades de Castilla-La Mancha convoca, anualmente, el proceso de admisi\u00f3n de alumnado en centros docentes p\u00fablicos y privados concertados de \u00e1mbito no universitario.\u00a0<\/p>\r\n<p class=\"cmParagraph\">Tienen que participar en este proceso todos los alumnos y alumnas que\u00a0<strong>se incorporen por primera vez al sistema educativo<\/strong>\u00a0en un centro docente de la Regi\u00f3n (p\u00fablico o concertado), que\u00a0<strong>vayan a iniciar una nueva etapa de estudios en un centro distinto al actual<\/strong>, o bien, que deseen\u00a0<strong>cambiar de centro<\/strong>.\u00a0Tambi\u00e9n\u00a0<strong>todo el alumnado de 4\u00ba de ESO<\/strong>\u00a0que desee cursar alguna modalidad de Bachillerato, aunque sea en su propio centro.<\/p>\r\n<p class=\"cmParagraph\">En este nuevo proceso de admisi\u00f3n de alumnos y alumnas se contin\u00faa contemplando la delimitaci\u00f3n de \u00e1reas de influencia en determinadas localidades de cierto volumen poblacional y n\u00famero de centros educativos, es decir, la proximidad del domicilio familiar o del lugar de trabajo de alguno de sus padres o tutores legales. De igual manera que el proceso anterior esta delimitaci\u00f3n se ha realizado previa consulta a los sectores afectados y al Consejo Escolar de la Localidad, en su caso. Estas \u00e1reas de influencia han sido determinadas de manera que sean lo suficientemente amplias a los efectos de facilitar la elecci\u00f3n de centro por parte de las familias.\u00a0<strong>La consulta de las mismas se dar\u00e1 a conocer a trav\u00e9s de las Resoluciones de las Delegaciones Provinciales que se publicar\u00e1n en este mismo espacio.<\/strong>\u00a0<\/p>\r\n\r\n\r\n\r\n<h2 style=\"text-align: center;\"><a href=\"https:\/\/www.educa.jccm.es\/es\/admision\/admision-2-ciclo-infantil-primaria-bachillerato\/normativa-admision\" target=\"_blank\" rel=\"noopener\"><strong><span style=\"color: #008080;\">NORMATIVA<\/span><\/strong><\/a><\/h2>\r\n<p>&nbsp;<\/p>\r\n<h2 style=\"text-align: center;\"><a href=\"https:\/\/www.educa.jccm.es\/es\/admision\/admision-2-ciclo-infantil-primaria-bachillerato\/calendario-proceso-admision-alumnado\" target=\"_blank\" rel=\"noopener\"><strong><span style=\"color: #008080;\">CALENDARIO DEL PROCESO<\/span><\/strong><\/a><\/h2>\r\n<p>&nbsp;<\/p>\r\n<h2 style=\"text-align: center;\"><a href=\"https:\/\/www.educa.jccm.es\/es\/admision\/admision-2-ciclo-infantil-primaria-bachillerato\/guias-proceso-admision-2-ciclo-educacion-infantil-primaria\" target=\"_blank\" rel=\"noopener\"><strong><span style=\"color: #008080;\">GU\u00cdAS PROCESO<\/span><\/strong><\/a><\/h2>\r\n\r\n\r\n\r\n\r\n\r\n\r\n\r\n\r\n\r\n\r\n\r\n<p><strong>\r\n\r\n\r\n\r\n<\/strong><\/p>\r\n\r\n\r\n\r\n<p>&nbsp;<\/p>\r\n\r\n\r\n\r\n<h2 style=\"text-align: center;\"><a href=\"http:\/\/www.colegioluissolana.com\/wp-content\/uploads\/2023\/09\/AUTORIZACION-CREDENCIALES-EDUCAMOS.pdf\" target=\"_blank\" rel=\"noopener\"><strong><span style=\"color: #008080;\">AUTORIZACI\u00d3N CREDENCIALES EDUCAMOS CLM<\/span><\/strong><\/a><\/h2>\r\n<p>&nbsp;<\/p>\r\n\r\n\r\n\r\n\r\n\r\n<p style=\"text-align: center;\"><strong>Pueden consultar toda la informaci\u00f3n sobre el proceso en el portal de Educaci\u00f3n de La Junta de Comunidades de Castilla La Mancha.<\/strong><\/p>\r\n<p><strong>\r\n\r\n<\/strong><\/p>\r\n<p style=\"text-align: center;\"><strong><a href=\"https:\/\/www.educa.jccm.es\/es\/admision\/admision-2-ciclo-infantil-primaria-bachillerato\" target=\"_blank\" rel=\"noopener\">http:\/\/www.educa.jccm.es\/es\/admision<\/a><\/strong><\/p>\r\n\r\n\r\n\r\n<p>&nbsp;<\/p>\r\n","protected":false},"excerpt":{"rendered":"<p>La Consejer\u00eda de Educaci\u00f3n, Cultura y Deportes de la Junta de Comunidades de Castilla-La Mancha convoca, anualmente, el proceso de admisi\u00f3n de alumnado en centros docentes p\u00fablicos y privados concertados de \u00e1mbito no universitario.\u00a0 Tienen que participar en este proceso &hellip; <a href=\"https:\/\/www.colegioluissolana.com\/?page_id=8441\">Sigue leyendo <span class=\"meta-nav\">&rarr;<\/span><\/a><\/p>\n","protected":false},"author":18,"featured_media":0,"parent":0,"menu_order":3,"comment_status":"closed","ping_status":"closed","template":"","meta":[],"_links":{"self":[{"href":"https:\/\/www.colegioluissolana.com\/index.php?rest_route=\/wp\/v2\/pages\/8441"}],"collection":[{"href":"https:\/\/www.colegioluissolana.com\/index.php?rest_route=\/wp\/v2\/pages"}],"about":[{"href":"https:\/\/www.colegioluissolana.com\/index.php?rest_route=\/wp\/v2\/types\/page"}],"author":[{"embeddable":true,"href":"https:\/\/www.colegioluissolana.com\/index.php?rest_route=\/wp\/v2\/users\/18"}],"replies":[{"embeddable":true,"href":"https:\/\/www.colegioluissolana.com\/index.php?rest_route=%2Fwp%2Fv2%2Fcomments&post=8441"}],"version-history":[{"count":21,"href":"https:\/\/www.colegioluissolana.com\/index.php?rest_route=\/wp\/v2\/pages\/8441\/revisions"}],"predecessor-version":[{"id":12422,"href":"https:\/\/www.colegioluissolana.com\/index.php?rest_route=\/wp\/v2\/pages\/8441\/revisions\/12422"}],"wp:attachment":[{"href":"https:\/\/www.colegioluissolana.com\/index.php?rest_route=%2Fwp%2Fv2%2Fmedia&parent=8441"}],"curies":[{"name":"wp","href":"https:\/\/api.w.org\/{rel}","templated":true}]}}